{"id":10656,"date":"2024-04-05T12:58:44","date_gmt":"2024-04-05T10:58:44","guid":{"rendered":"https:\/\/skldstudio.com\/politica-cookies\/"},"modified":"2024-04-05T12:58:44","modified_gmt":"2024-04-05T10:58:44","slug":"politica-cookies","status":"publish","type":"page","link":"https:\/\/skldstudio.com\/es\/politica-cookies\/","title":{"rendered":""},"content":{"rendered":"\t\t<div data-elementor-type=\"wp-page\" data-elementor-id=\"10656\" class=\"elementor elementor-10656 elementor-8498\">\n\t\t\t\t<div class=\"elementor-element elementor-element-ce5d2bd e-flex e-con-boxed e-con e-parent\" data-id=\"ce5d2bd\" data-element_type=\"container\">\n\t\t\t\t\t<div class=\"e-con-inner\">\n\t\t\t\t<div class=\"elementor-element elementor-element-6d1efaa elementor-widget elementor-widget-text-editor\" data-id=\"6d1efaa\" data-element_type=\"widget\" data-widget_type=\"text-editor.default\">\n\t\t\t\t<div class=\"elementor-widget-container\">\n\t\t\t\t\t\t\t<p>Esta p\u00e1gina, al igual que la mayor\u00eda de p\u00e1ginas en Internet, usa cookies para mejorar la experiencia del usuario. A continuaci\u00f3n encontrar\u00e1 informaci\u00f3n sobre qu\u00e9 son las \u201ccookies\u201d, qu\u00e9 tipo de cookies utiliza este sitio web, c\u00f3mo puede desactivar las cookies en su navegador y c\u00f3mo desactivar espec\u00edficamente la instalaci\u00f3n de cookies de terceros.<\/p><p><strong>\u00bfQu\u00e9 son las cookies?<\/strong><br \/>Las cookies son peque\u00f1os archivos que algunas plataformas, como las p\u00e1ginas web, pueden instalar en su ordenador, smartphone, tableta o televisi\u00f3n conectada. Sus funciones pueden ser muy variadas: almacenar sus preferencias de navegaci\u00f3n, recopilar informaci\u00f3n estad\u00edstica, permitir ciertas funcionalidades t\u00e9cnicas, etc\u00e9tera. En ocasiones, las cookies se utilizan para almacenar informaci\u00f3n b\u00e1sica sobre los h\u00e1bitos de navegaci\u00f3n del usuario o de su equipo, hasta el punto, seg\u00fan los casos, de poder reconocerlo.<\/p><p>\u00bfPor qu\u00e9 son importantes?<br \/>Las cookies son \u00fatiles por varios motivos. Desde un punto de vista t\u00e9cnico, permiten que las p\u00e1ginas web funcionen de forma m\u00e1s \u00e1gil y adaptada a sus preferencias, como por ejemplo, almacenar su idioma o la moneda de su pa\u00eds. Adem\u00e1s, ayudan a los responsables de los sitios web a mejorar los servicios que ofrecen, gracias a la informaci\u00f3n estad\u00edstica que recogen a trav\u00e9s de ellas.<\/p><p>\u00bfC\u00f3mo utilizamos las cookies?<br \/>Navegar por esta p\u00e1gina supone que se puedan instalar los siguientes tipos de cookies:<\/p><p>1. Cookies de mejora del rendimiento: Este tipo de cookies conserva sus preferencias para ciertas herramientas o servicios para que no tenga que reconfigurarlos cada vez que visita una p\u00e1gina web y, en algunos casos, pueden ser aportadas por terceros. Algunos ejemplos son: volumen de los reproductores audiovisuales, preferencias de ordenaci\u00f3n de art\u00edculos o velocidades de reproducci\u00f3n de v\u00eddeo compatibles. En el caso de comercio electr\u00f3nico, permiten mantener informaci\u00f3n sobre su cesta de la compra.<br \/>2. Cookies de an\u00e1lisis estad\u00edstico: Son aquellas que, bien tratadas por nosotros o por terceros, permiten cuantificar el n\u00famero de visitantes y analizar estad\u00edsticamente la utilizaci\u00f3n que hacen los usuarios de nuestros servicios. Gracias a ello podemos estudiar la navegaci\u00f3n por nuestra p\u00e1gina web, y mejorar as\u00ed la oferta de productos o servicios que ofrecemos.<br \/>3. Cookies de geolocalizaci\u00f3n: Estas cookies son usadas por programas que intentan localizar geogr\u00e1ficamente la situaci\u00f3n del ordenador, smartphone, tableta o televisi\u00f3n conectada, para de manera totalmente an\u00f3nima ofrecerle contenidos y servicios m\u00e1s adecuados.<br \/>4. Cookies de registro: Cuando usted se registra en nuestro portal, se generan cookies que le identifican como usuario registrado e indican cu\u00e1ndo usted se ha identificado en el portal.<br \/>Estas cookies son utilizadas para identificar su cuenta de usuario y sus servicios asociados. Estas cookies se mantienen mientras usted no abandone la cuenta, cierre el navegador o apague el dispositivo. Estas cookies pueden ser utilizadas en combinaci\u00f3n con datos anal\u00edticos para identificar de manera individual sus preferencias en nuestro portal.<br \/>5. Cookies publicitarias: Son aqu\u00e9llas que, bien tratadas por nosotros o por terceros, permiten gestionar eficazmente los espacios publicitarios de nuestro sitio web, adecuando el contenido del anuncio al contenido del servicio solicitado o al uso que realice de nuestra p\u00e1gina web. Gracias a ella podemos conocer sus h\u00e1bitos de navegaci\u00f3n en internet y mostrarle publicidad relacionada con su perfil de navegaci\u00f3n.<\/p><p>\u00bfC\u00f3mo puedo configurar mis preferencias y revocar mi consentimiento a la aceptaci\u00f3n de cookies?<br \/>Puede permitir, bloquear o eliminar las cookies instaladas en su equipo, as\u00ed como revocar el consentimiento previamente prestado, mediante la configuraci\u00f3n de las opciones de su navegador de internet. En el caso en que las bloquee, es posible que ciertos servicios que necesitan su uso no est\u00e9n disponibles para usted.<br \/>A continuaci\u00f3n le ofrecemos enlaces en los que encontrar\u00e1 informaci\u00f3n sobre c\u00f3mo puede activar sus preferencias en los principales navegadores:<\/p><p>Google Chrome<br \/>Mozilla Firefox<br \/>Internet Explorer<br \/>Safari para IOS (iPhone, iPad)<br \/>Cookies Flash<\/p><p>Si desea contactar con nosotros respecto a nuestra pol\u00edtica de cookies, puede hacerlo en: <a href=\"mailto:info@skldstudio.com\">info@skldstudio.com<\/a>.<\/p>\t\t\t\t\t\t<\/div>\n\t\t\t\t<\/div>\n\t\t\t\t\t<\/div>\n\t\t\t\t<\/div>\n\t\t\t\t<\/div>\n\t\t","protected":false},"excerpt":{"rendered":"<p>Esta p\u00e1gina, al igual que la mayor\u00eda de p\u00e1ginas en Internet, usa cookies para mejorar la experiencia del usuario. A continuaci\u00f3n encontrar\u00e1 informaci\u00f3n sobre qu\u00e9 son las \u201ccookies\u201d, qu\u00e9 tipo de cookies utiliza este sitio web, c\u00f3mo puede desactivar las cookies en su navegador y c\u00f3mo desactivar espec\u00edficamente la instalaci\u00f3n de cookies de terceros. \u00bfQu\u00e9&#8230;<\/p>\n","protected":false},"author":1,"featured_media":0,"parent":0,"menu_order":0,"comment_status":"closed","ping_status":"closed","template":"","meta":{"footnotes":""},"class_list":["post-10656","page","type-page","status-publish","hentry"],"yoast_head":"<!-- This site is optimized with the Yoast SEO plugin v22.5 - https:\/\/yoast.com\/wordpress\/plugins\/seo\/ -->\n<title>-<\/title>\n<meta name=\"robots\" content=\"index, follow, max-snippet:-1, max-image-preview:large, max-video-preview:-1\" \/>\n<link rel=\"canonical\" href=\"https:\/\/skldstudio.com\/es\/politica-cookies\/\" \/>\n<meta property=\"og:locale\" content=\"es_ES\" \/>\n<meta property=\"og:type\" content=\"article\" \/>\n<meta property=\"og:title\" content=\"-\" \/>\n<meta property=\"og:description\" content=\"Esta p\u00e1gina, al igual que la mayor\u00eda de p\u00e1ginas en Internet, usa cookies para mejorar la experiencia del usuario. A continuaci\u00f3n encontrar\u00e1 informaci\u00f3n sobre qu\u00e9 son las \u201ccookies\u201d, qu\u00e9 tipo de cookies utiliza este sitio web, c\u00f3mo puede desactivar las cookies en su navegador y c\u00f3mo desactivar espec\u00edficamente la instalaci\u00f3n de cookies de terceros. \u00bfQu\u00e9...\" \/>\n<meta property=\"og:url\" content=\"https:\/\/skldstudio.com\/es\/politica-cookies\/\" \/>\n<meta property=\"article:publisher\" content=\"https:\/\/www.facebook.com\/profile.php?id=61557532841386\" \/>\n<meta property=\"og:image\" content=\"https:\/\/skldstudio.com\/wp-content\/uploads\/2024\/04\/home.jpg\" \/>\n\t<meta property=\"og:image:width\" content=\"1200\" \/>\n\t<meta property=\"og:image:height\" content=\"675\" \/>\n\t<meta property=\"og:image:type\" content=\"image\/jpeg\" \/>\n<meta name=\"twitter:card\" content=\"summary_large_image\" \/>\n<meta name=\"twitter:label1\" content=\"Tiempo de lectura\" \/>\n\t<meta name=\"twitter:data1\" content=\"3 minutos\" \/>\n<script type=\"application\/ld+json\" class=\"yoast-schema-graph\">{\"@context\":\"https:\/\/schema.org\",\"@graph\":[{\"@type\":\"WebPage\",\"@id\":\"https:\/\/skldstudio.com\/es\/politica-cookies\/\",\"url\":\"https:\/\/skldstudio.com\/es\/politica-cookies\/\",\"name\":\"-\",\"isPartOf\":{\"@id\":\"https:\/\/skldstudio.com\/#website\"},\"datePublished\":\"2024-04-05T10:58:44+00:00\",\"dateModified\":\"2024-04-05T10:58:44+00:00\",\"inLanguage\":\"es\",\"potentialAction\":[{\"@type\":\"ReadAction\",\"target\":[\"https:\/\/skldstudio.com\/es\/politica-cookies\/\"]}]},{\"@type\":\"WebSite\",\"@id\":\"https:\/\/skldstudio.com\/#website\",\"url\":\"https:\/\/skldstudio.com\/\",\"name\":\"SKLD Studio\",\"description\":\"Collections by renowned design professionals.\",\"publisher\":{\"@id\":\"https:\/\/skldstudio.com\/#organization\"},\"potentialAction\":[{\"@type\":\"SearchAction\",\"target\":{\"@type\":\"EntryPoint\",\"urlTemplate\":\"https:\/\/skldstudio.com\/?s={search_term_string}\"},\"query-input\":\"required name=search_term_string\"}],\"inLanguage\":\"es\"},{\"@type\":\"Organization\",\"@id\":\"https:\/\/skldstudio.com\/#organization\",\"name\":\"SKLD Studio\",\"url\":\"https:\/\/skldstudio.com\/\",\"logo\":{\"@type\":\"ImageObject\",\"inLanguage\":\"es\",\"@id\":\"https:\/\/skldstudio.com\/#\/schema\/logo\/image\/\",\"url\":\"https:\/\/skldstudio.com\/wp-content\/uploads\/2024\/04\/logoWEB.png\",\"contentUrl\":\"https:\/\/skldstudio.com\/wp-content\/uploads\/2024\/04\/logoWEB.png\",\"width\":8415,\"height\":2995,\"caption\":\"SKLD Studio\"},\"image\":{\"@id\":\"https:\/\/skldstudio.com\/#\/schema\/logo\/image\/\"},\"sameAs\":[\"https:\/\/www.facebook.com\/profile.php?id=61557532841386\",\"https:\/\/www.instagram.com\/skldstudio_official\/\"]}]}<\/script>\n<!-- \/ Yoast SEO plugin. -->","yoast_head_json":{"title":"-","robots":{"index":"index","follow":"follow","max-snippet":"max-snippet:-1","max-image-preview":"max-image-preview:large","max-video-preview":"max-video-preview:-1"},"canonical":"https:\/\/skldstudio.com\/es\/politica-cookies\/","og_locale":"es_ES","og_type":"article","og_title":"-","og_description":"Esta p\u00e1gina, al igual que la mayor\u00eda de p\u00e1ginas en Internet, usa cookies para mejorar la experiencia del usuario. A continuaci\u00f3n encontrar\u00e1 informaci\u00f3n sobre qu\u00e9 son las \u201ccookies\u201d, qu\u00e9 tipo de cookies utiliza este sitio web, c\u00f3mo puede desactivar las cookies en su navegador y c\u00f3mo desactivar espec\u00edficamente la instalaci\u00f3n de cookies de terceros. \u00bfQu\u00e9...","og_url":"https:\/\/skldstudio.com\/es\/politica-cookies\/","article_publisher":"https:\/\/www.facebook.com\/profile.php?id=61557532841386","og_image":[{"width":1200,"height":675,"url":"https:\/\/skldstudio.com\/wp-content\/uploads\/2024\/04\/home.jpg","type":"image\/jpeg"}],"twitter_card":"summary_large_image","twitter_misc":{"Tiempo de lectura":"3 minutos"},"schema":{"@context":"https:\/\/schema.org","@graph":[{"@type":"WebPage","@id":"https:\/\/skldstudio.com\/es\/politica-cookies\/","url":"https:\/\/skldstudio.com\/es\/politica-cookies\/","name":"-","isPartOf":{"@id":"https:\/\/skldstudio.com\/#website"},"datePublished":"2024-04-05T10:58:44+00:00","dateModified":"2024-04-05T10:58:44+00:00","inLanguage":"es","potentialAction":[{"@type":"ReadAction","target":["https:\/\/skldstudio.com\/es\/politica-cookies\/"]}]},{"@type":"WebSite","@id":"https:\/\/skldstudio.com\/#website","url":"https:\/\/skldstudio.com\/","name":"SKLD Studio","description":"Collections by renowned design professionals.","publisher":{"@id":"https:\/\/skldstudio.com\/#organization"},"potentialAction":[{"@type":"SearchAction","target":{"@type":"EntryPoint","urlTemplate":"https:\/\/skldstudio.com\/?s={search_term_string}"},"query-input":"required name=search_term_string"}],"inLanguage":"es"},{"@type":"Organization","@id":"https:\/\/skldstudio.com\/#organization","name":"SKLD Studio","url":"https:\/\/skldstudio.com\/","logo":{"@type":"ImageObject","inLanguage":"es","@id":"https:\/\/skldstudio.com\/#\/schema\/logo\/image\/","url":"https:\/\/skldstudio.com\/wp-content\/uploads\/2024\/04\/logoWEB.png","contentUrl":"https:\/\/skldstudio.com\/wp-content\/uploads\/2024\/04\/logoWEB.png","width":8415,"height":2995,"caption":"SKLD Studio"},"image":{"@id":"https:\/\/skldstudio.com\/#\/schema\/logo\/image\/"},"sameAs":["https:\/\/www.facebook.com\/profile.php?id=61557532841386","https:\/\/www.instagram.com\/skldstudio_official\/"]}]}},"_links":{"self":[{"href":"https:\/\/skldstudio.com\/es\/wp-json\/wp\/v2\/pages\/10656","targetHints":{"allow":["GET"]}}],"collection":[{"href":"https:\/\/skldstudio.com\/es\/wp-json\/wp\/v2\/pages"}],"about":[{"href":"https:\/\/skldstudio.com\/es\/wp-json\/wp\/v2\/types\/page"}],"author":[{"embeddable":true,"href":"https:\/\/skldstudio.com\/es\/wp-json\/wp\/v2\/users\/1"}],"replies":[{"embeddable":true,"href":"https:\/\/skldstudio.com\/es\/wp-json\/wp\/v2\/comments?post=10656"}],"version-history":[{"count":0,"href":"https:\/\/skldstudio.com\/es\/wp-json\/wp\/v2\/pages\/10656\/revisions"}],"wp:attachment":[{"href":"https:\/\/skldstudio.com\/es\/wp-json\/wp\/v2\/media?parent=10656"}],"curies":[{"name":"wp","href":"https:\/\/api.w.org\/{rel}","templated":true}]}}