{"id":15008,"date":"2025-04-07T13:02:03","date_gmt":"2025-04-07T11:02:03","guid":{"rendered":"https:\/\/skldstudio.com\/kar-duran-and-miguel-lopez\/"},"modified":"2026-01-30T13:34:49","modified_gmt":"2026-01-30T12:34:49","slug":"kar-duran-and-miguel-lopez","status":"publish","type":"page","link":"https:\/\/skldstudio.com\/es\/kar-duran-and-miguel-lopez\/","title":{"rendered":"Kar Dur\u00e1n and Miguel L\u00f3pez"},"content":{"rendered":"\t\t<div data-elementor-type=\"wp-page\" data-elementor-id=\"15008\" class=\"elementor elementor-15008 elementor-12843\">\n\t\t\t\t\t\t<section class=\"elementor-section elementor-top-section elementor-element elementor-element-2dd6129 elementor-section-full_width n-arch-container--wide elementor-section-height-default elementor-section-height-default\" data-id=\"2dd6129\" data-element_type=\"section\">\n\t\t\t\t\t\t<div class=\"elementor-container elementor-column-gap-no\">\n\t\t\t\t\t<div class=\"elementor-column elementor-col-100 elementor-top-column elementor-element elementor-element-b31bfdf\" data-id=\"b31bfdf\" data-element_type=\"column\">\n\t\t\t<div class=\"elementor-widget-wrap elementor-element-populated\">\n\t\t\t\t\t\t<div class=\"elementor-element elementor-element-d80dd1a elementor-widget-divider--view-line elementor-widget elementor-widget-divider\" data-id=\"d80dd1a\" data-element_type=\"widget\" data-widget_type=\"divider.default\">\n\t\t\t\t<div class=\"elementor-widget-container\">\n\t\t\t\t\t<div class=\"elementor-divider\">\n\t\t\t<span class=\"elementor-divider-separator\">\n\t\t\t\t\t\t<\/span>\n\t\t<\/div>\n\t\t\t\t<\/div>\n\t\t\t\t<\/div>\n\t\t\t\t<div class=\"elementor-element elementor-element-195c5ef animated-slow elementor-invisible elementor-widget elementor-widget-neuron-scrolling-text\" data-id=\"195c5ef\" data-element_type=\"widget\" data-settings=\"{&quot;_animation&quot;:&quot;h-neuron-animation--tiltUp&quot;,&quot;_animation_delay&quot;:300}\" data-widget_type=\"neuron-scrolling-text.default\">\n\t\t\t\t<div class=\"elementor-widget-container\">\n\t\t\t            <div class=\"a-scrolling-text\">\r\n                <div class=\"a-scrolling-text__inner\">\r\n                    <h2 class=\"elementor-heading-title elementor-size-default\"> We start from that emotional connection.<\/h2><h2 class=\"elementor-heading-title elementor-size-default\"> We start from that emotional connection.<\/h2><h2 class=\"elementor-heading-title elementor-size-default\"> We start from that emotional connection.<\/h2><h2 class=\"elementor-heading-title elementor-size-default\"> We start from that emotional connection.<\/h2><h2 class=\"elementor-heading-title elementor-size-default\"> We start from that emotional connection.<\/h2><h2 class=\"elementor-heading-title elementor-size-default\"> We start from that emotional connection.<\/h2><h2 class=\"elementor-heading-title elementor-size-default\"> We start from that emotional connection.<\/h2><h2 class=\"elementor-heading-title elementor-size-default\"> We start from that emotional connection.<\/h2><h2 class=\"elementor-heading-title elementor-size-default\"> We start from that emotional connection.<\/h2><h2 class=\"elementor-heading-title elementor-size-default\"> We start from that emotional connection.<\/h2>                <\/div>\r\n            <\/div>\r\n        \t\t<\/div>\n\t\t\t\t<\/div>\n\t\t\t\t<section class=\"elementor-section elementor-inner-section elementor-element elementor-element-0a0b0eb elementor-section-full_width elementor-section-content-middle elementor-section-height-default elementor-section-height-default\" data-id=\"0a0b0eb\" data-element_type=\"section\">\n\t\t\t\t\t\t<div class=\"elementor-container elementor-column-gap-no\">\n\t\t\t\t\t<div class=\"elementor-column elementor-col-50 elementor-inner-column elementor-element elementor-element-6237577\" data-id=\"6237577\" data-element_type=\"column\">\n\t\t\t<div class=\"elementor-widget-wrap elementor-element-populated\">\n\t\t\t\t\t\t<div class=\"elementor-element elementor-element-93c6cce elementor-widget elementor-widget-video\" data-id=\"93c6cce\" data-element_type=\"widget\" data-settings=\"{&quot;video_type&quot;:&quot;hosted&quot;,&quot;autoplay&quot;:&quot;yes&quot;,&quot;loop&quot;:&quot;yes&quot;,&quot;show_image_overlay&quot;:&quot;yes&quot;,&quot;image_overlay&quot;:{&quot;url&quot;:&quot;https:\\\/\\\/skldstudio.com\\\/wp-content\\\/uploads\\\/2025\\\/04\\\/Foto_Disenador-11.jpg&quot;,&quot;id&quot;:14229,&quot;size&quot;:&quot;&quot;,&quot;alt&quot;:&quot;&quot;,&quot;source&quot;:&quot;library&quot;},&quot;controls&quot;:&quot;yes&quot;}\" data-widget_type=\"video.default\">\n\t\t\t\t<div class=\"elementor-widget-container\">\n\t\t\t\t\t<div class=\"e-hosted-video elementor-wrapper elementor-open-inline\">\n\t\t\t\t\t<video class=\"elementor-video\" src=\"https:\/\/skldstudio.com\/wp-content\/uploads\/2026\/01\/Skld-Entrevista-Gazpacho-Studio.mp4\" autoplay=\"\" loop=\"\" controls=\"\" controlsList=\"nodownload\"><\/video>\n\t\t\t\t\t\t<div class=\"elementor-custom-embed-image-overlay\" style=\"background-image: url(https:\/\/skldstudio.com\/wp-content\/uploads\/2025\/04\/Foto_Disenador-11.jpg);\">\n\t\t\t\t\t\t\t\t\t\t\t\t\t\t\t\t<div class=\"elementor-custom-embed-play\" role=\"button\" aria-label=\"Reproducir v\u00eddeo\" tabindex=\"0\">\n\t\t\t\t\t\t\t<svg aria-hidden=\"true\" class=\"e-font-icon-svg e-eicon-play\" viewBox=\"0 0 1000 1000\" xmlns=\"http:\/\/www.w3.org\/2000\/svg\"><path d=\"M838 162C746 71 633 25 500 25 371 25 258 71 163 162 71 254 25 367 25 500 25 633 71 746 163 837 254 929 367 979 500 979 633 979 746 933 838 837 929 746 975 633 975 500 975 367 929 254 838 162M808 192C892 279 933 379 933 500 933 621 892 725 808 808 725 892 621 938 500 938 379 938 279 896 196 808 113 725 67 621 67 500 67 379 108 279 196 192 279 108 383 62 500 62 621 62 721 108 808 192M438 392V642L642 517 438 392Z\"><\/path><\/svg>\t\t\t\t\t\t\t<span class=\"elementor-screen-only\">Reproducir v\u00eddeo<\/span>\n\t\t\t\t\t\t<\/div>\n\t\t\t\t\t\t\t\t\t<\/div>\n\t\t\t\t\t<\/div>\n\t\t\t\t<\/div>\n\t\t\t\t<\/div>\n\t\t\t\t\t<\/div>\n\t\t<\/div>\n\t\t\t\t<div class=\"elementor-column elementor-col-50 elementor-inner-column elementor-element elementor-element-6a896a1\" data-id=\"6a896a1\" data-element_type=\"column\">\n\t\t\t<div class=\"elementor-widget-wrap elementor-element-populated\">\n\t\t\t\t\t\t<div class=\"elementor-element elementor-element-66673f3 elementor-invisible elementor-widget elementor-widget-heading\" data-id=\"66673f3\" data-element_type=\"widget\" data-settings=\"{&quot;_animation&quot;:&quot;h-neuron-animation--slideUp&quot;}\" data-widget_type=\"heading.default\">\n\t\t\t\t<div class=\"elementor-widget-container\">\n\t\t\t<h4 class=\"elementor-heading-title elementor-size-default\">Kar Dur\u00e1n & Miguel L\u00f3pez<\/h4>\t\t<\/div>\n\t\t\t\t<\/div>\n\t\t\t\t<div class=\"elementor-element elementor-element-3cc7166 elementor-invisible elementor-widget elementor-widget-text-editor\" data-id=\"3cc7166\" data-element_type=\"widget\" data-settings=\"{&quot;_animation&quot;:&quot;h-neuron-animation--fadeIn&quot;}\" data-widget_type=\"text-editor.default\">\n\t\t\t\t<div class=\"elementor-widget-container\">\n\t\t\t\t\t\t\t<p>They are inspired by emotional memory to create unique designs. Friendship, humor and love for the beauty of objects are the fundamental pillars of their proposals. Together they have collaborated with some of the most prominent companies in the furniture industry, bringing a fresh and contemporary vision to design.<\/p><p>The Serra collection for SKLD Studio Volume II draws on the essence of classic rattan chairs, with a bold design that combines traditional seat braiding with tapered metal legs, breaking with conventional aesthetics.<\/p>\t\t\t\t\t\t<\/div>\n\t\t\t\t<\/div>\n\t\t\t\t<div class=\"elementor-element elementor-element-b513066 elementor-widget-divider--view-line elementor-widget elementor-widget-divider\" data-id=\"b513066\" data-element_type=\"widget\" data-widget_type=\"divider.default\">\n\t\t\t\t<div class=\"elementor-widget-container\">\n\t\t\t\t\t<div class=\"elementor-divider\">\n\t\t\t<span class=\"elementor-divider-separator\">\n\t\t\t\t\t\t<\/span>\n\t\t<\/div>\n\t\t\t\t<\/div>\n\t\t\t\t<\/div>\n\t\t\t\t\t<\/div>\n\t\t<\/div>\n\t\t\t\t\t<\/div>\n\t\t<\/section>\n\t\t\t\t\t<\/div>\n\t\t<\/div>\n\t\t\t\t\t<\/div>\n\t\t<\/section>\n\t\t<div class=\"elementor-element elementor-element-c51b21c e-con-full e-flex e-con e-parent\" data-id=\"c51b21c\" data-element_type=\"container\">\n\t\t\t\t<div class=\"elementor-element elementor-element-e74b12a elementor-widget elementor-widget-spacer\" data-id=\"e74b12a\" data-element_type=\"widget\" data-widget_type=\"spacer.default\">\n\t\t\t\t<div class=\"elementor-widget-container\">\n\t\t\t\t\t<div class=\"elementor-spacer\">\n\t\t\t<div class=\"elementor-spacer-inner\"><\/div>\n\t\t<\/div>\n\t\t\t\t<\/div>\n\t\t\t\t<\/div>\n\t\t\t\t<div class=\"elementor-element elementor-element-ba9021b elementor-invisible elementor-widget elementor-widget-heading\" data-id=\"ba9021b\" data-element_type=\"widget\" data-settings=\"{&quot;_animation&quot;:&quot;h-neuron-animation--slideUp&quot;}\" data-widget_type=\"heading.default\">\n\t\t\t\t<div class=\"elementor-widget-container\">\n\t\t\t<h4 class=\"elementor-heading-title elementor-size-default\">KAR DUR\u00c1N & MIGUEL L\u00d3PEZ COLLECTIONS <\/h4>\t\t<\/div>\n\t\t\t\t<\/div>\n\t\t\t\t<\/div>\n\t\t<div class=\"elementor-element elementor-element-50893b7 e-con-full e-flex e-con e-parent\" data-id=\"50893b7\" data-element_type=\"container\">\n\t\t<div class=\"elementor-element elementor-element-03a2795 e-con-full e-flex e-con e-child\" data-id=\"03a2795\" data-element_type=\"container\">\n\t\t\t\t<div class=\"elementor-element elementor-element-296162a elementor-widget elementor-widget-image\" data-id=\"296162a\" data-element_type=\"widget\" data-widget_type=\"image.default\">\n\t\t\t\t<div class=\"elementor-widget-container\">\n\t\t\t\t\t\t\t\t\t\t\t\t\t\t<a href=\"https:\/\/skldstudio.com\/serra\/\">\n\t\t\t\t\t\t\t<img fetchpriority=\"high\" decoding=\"async\" width=\"1887\" height=\"1229\" src=\"https:\/\/skldstudio.com\/wp-content\/uploads\/2025\/04\/Coleccion_Serra.jpg\" class=\"attachment-full size-full wp-image-12900\" alt=\"\" srcset=\"https:\/\/skldstudio.com\/wp-content\/uploads\/2025\/04\/Coleccion_Serra.jpg 1887w, https:\/\/skldstudio.com\/wp-content\/uploads\/2025\/04\/Coleccion_Serra-300x195.jpg 300w, https:\/\/skldstudio.com\/wp-content\/uploads\/2025\/04\/Coleccion_Serra-1024x667.jpg 1024w, https:\/\/skldstudio.com\/wp-content\/uploads\/2025\/04\/Coleccion_Serra-768x500.jpg 768w, https:\/\/skldstudio.com\/wp-content\/uploads\/2025\/04\/Coleccion_Serra-1536x1000.jpg 1536w\" sizes=\"(max-width: 1887px) 100vw, 1887px\" \/>\t\t\t\t\t\t\t\t<\/a>\n\t\t\t\t\t\t\t\t\t\t\t\t\t<\/div>\n\t\t\t\t<\/div>\n\t\t\t\t<div class=\"elementor-element elementor-element-0d00d0b elementor-invisible elementor-widget elementor-widget-heading\" data-id=\"0d00d0b\" data-element_type=\"widget\" data-settings=\"{&quot;_animation&quot;:&quot;h-neuron-animation--slideUp&quot;}\" data-widget_type=\"heading.default\">\n\t\t\t\t<div class=\"elementor-widget-container\">\n\t\t\t<h4 class=\"elementor-heading-title elementor-size-default\">SERRA COLLECTION<\/h4>\t\t<\/div>\n\t\t\t\t<\/div>\n\t\t\t\t<\/div>\n\t\t\t\t<\/div>\n\t\t\t\t<\/div>\n\t\t","protected":false},"excerpt":{"rendered":"<p>We start from that emotional connection. We start from that emotional connection. We start from that emotional connection. We start from that emotional connection. We start from that emotional connection. We start from that emotional connection. We start from that emotional connection. We start from that emotional connection. We start from that emotional connection. We&#8230;<\/p>\n","protected":false},"author":2,"featured_media":0,"parent":0,"menu_order":0,"comment_status":"closed","ping_status":"closed","template":"","meta":{"footnotes":""},"class_list":["post-15008","page","type-page","status-publish","hentry"],"yoast_head":"<!-- This site is optimized with the Yoast SEO plugin v22.5 - https:\/\/yoast.com\/wordpress\/plugins\/seo\/ -->\n<title>Kar Dur\u00e1n and Miguel L\u00f3pez | Outdoor furniture - SKLD Studio<\/title>\n<meta name=\"description\" content=\"Explore the creative vision of Kar Dur\u00e1n and Miguel L\u00f3pez in SKLD Studio&#039;s Serra collection where traditional braiding meets a bold.\" \/>\n<meta name=\"robots\" content=\"index, follow, max-snippet:-1, max-image-preview:large, max-video-preview:-1\" \/>\n<link rel=\"canonical\" href=\"https:\/\/skldstudio.com\/kar-duran-and-miguel-lopez\/\" \/>\n<meta property=\"og:locale\" content=\"es_ES\" \/>\n<meta property=\"og:type\" content=\"article\" \/>\n<meta property=\"og:title\" content=\"Kar Dur\u00e1n and Miguel L\u00f3pez | Outdoor furniture - SKLD Studio\" \/>\n<meta property=\"og:description\" content=\"Explore the creative vision of Kar Dur\u00e1n and Miguel L\u00f3pez in SKLD Studio&#039;s Serra collection where traditional braiding meets a bold.\" \/>\n<meta property=\"og:url\" content=\"https:\/\/skldstudio.com\/kar-duran-and-miguel-lopez\/\" \/>\n<meta property=\"article:publisher\" content=\"https:\/\/www.facebook.com\/profile.php?id=61557532841386\" \/>\n<meta property=\"article:modified_time\" content=\"2026-01-30T12:34:49+00:00\" \/>\n<meta property=\"og:image\" content=\"https:\/\/skldstudio.com\/wp-content\/uploads\/2025\/04\/Coleccion_Serra.jpg\" \/>\n<meta name=\"twitter:card\" content=\"summary_large_image\" \/>\n<meta name=\"twitter:label1\" content=\"Tiempo de lectura\" \/>\n\t<meta name=\"twitter:data1\" content=\"2 minutos\" \/>\n<script type=\"application\/ld+json\" class=\"yoast-schema-graph\">{\"@context\":\"https:\/\/schema.org\",\"@graph\":[{\"@type\":\"WebPage\",\"@id\":\"https:\/\/skldstudio.com\/kar-duran-and-miguel-lopez\/\",\"url\":\"https:\/\/skldstudio.com\/kar-duran-and-miguel-lopez\/\",\"name\":\"Kar Dur\u00e1n and Miguel L\u00f3pez | Outdoor furniture - SKLD Studio\",\"isPartOf\":{\"@id\":\"https:\/\/skldstudio.com\/#website\"},\"primaryImageOfPage\":{\"@id\":\"https:\/\/skldstudio.com\/kar-duran-and-miguel-lopez\/#primaryimage\"},\"image\":{\"@id\":\"https:\/\/skldstudio.com\/kar-duran-and-miguel-lopez\/#primaryimage\"},\"thumbnailUrl\":\"https:\/\/skldstudio.com\/wp-content\/uploads\/2025\/04\/Coleccion_Serra.jpg\",\"datePublished\":\"2025-04-07T11:02:03+00:00\",\"dateModified\":\"2026-01-30T12:34:49+00:00\",\"description\":\"Explore the creative vision of Kar Dur\u00e1n and Miguel L\u00f3pez in SKLD Studio's Serra collection where traditional braiding meets a bold.\",\"breadcrumb\":{\"@id\":\"https:\/\/skldstudio.com\/kar-duran-and-miguel-lopez\/#breadcrumb\"},\"inLanguage\":\"es\",\"potentialAction\":[{\"@type\":\"ReadAction\",\"target\":[\"https:\/\/skldstudio.com\/kar-duran-and-miguel-lopez\/\"]}]},{\"@type\":\"ImageObject\",\"inLanguage\":\"es\",\"@id\":\"https:\/\/skldstudio.com\/kar-duran-and-miguel-lopez\/#primaryimage\",\"url\":\"https:\/\/skldstudio.com\/wp-content\/uploads\/2025\/04\/Coleccion_Serra.jpg\",\"contentUrl\":\"https:\/\/skldstudio.com\/wp-content\/uploads\/2025\/04\/Coleccion_Serra.jpg\"},{\"@type\":\"BreadcrumbList\",\"@id\":\"https:\/\/skldstudio.com\/kar-duran-and-miguel-lopez\/#breadcrumb\",\"itemListElement\":[{\"@type\":\"ListItem\",\"position\":1,\"name\":\"Home\",\"item\":\"https:\/\/skldstudio.com\/es\/home-skld\/\"},{\"@type\":\"ListItem\",\"position\":2,\"name\":\"Kar Dur\u00e1n and Miguel L\u00f3pez\"}]},{\"@type\":\"WebSite\",\"@id\":\"https:\/\/skldstudio.com\/#website\",\"url\":\"https:\/\/skldstudio.com\/\",\"name\":\"SKLD Studio\",\"description\":\"Collections by renowned design professionals.\",\"publisher\":{\"@id\":\"https:\/\/skldstudio.com\/#organization\"},\"potentialAction\":[{\"@type\":\"SearchAction\",\"target\":{\"@type\":\"EntryPoint\",\"urlTemplate\":\"https:\/\/skldstudio.com\/?s={search_term_string}\"},\"query-input\":\"required name=search_term_string\"}],\"inLanguage\":\"es\"},{\"@type\":\"Organization\",\"@id\":\"https:\/\/skldstudio.com\/#organization\",\"name\":\"SKLD Studio\",\"url\":\"https:\/\/skldstudio.com\/\",\"logo\":{\"@type\":\"ImageObject\",\"inLanguage\":\"es\",\"@id\":\"https:\/\/skldstudio.com\/#\/schema\/logo\/image\/\",\"url\":\"https:\/\/skldstudio.com\/wp-content\/uploads\/2024\/04\/logoWEB.png\",\"contentUrl\":\"https:\/\/skldstudio.com\/wp-content\/uploads\/2024\/04\/logoWEB.png\",\"width\":8415,\"height\":2995,\"caption\":\"SKLD Studio\"},\"image\":{\"@id\":\"https:\/\/skldstudio.com\/#\/schema\/logo\/image\/\"},\"sameAs\":[\"https:\/\/www.facebook.com\/profile.php?id=61557532841386\",\"https:\/\/www.instagram.com\/skldstudio_official\/\"]}]}<\/script>\n<!-- \/ Yoast SEO plugin. -->","yoast_head_json":{"title":"Kar Dur\u00e1n and Miguel L\u00f3pez | Outdoor furniture - SKLD Studio","description":"Explore the creative vision of Kar Dur\u00e1n and Miguel L\u00f3pez in SKLD Studio's Serra collection where traditional braiding meets a bold.","robots":{"index":"index","follow":"follow","max-snippet":"max-snippet:-1","max-image-preview":"max-image-preview:large","max-video-preview":"max-video-preview:-1"},"canonical":"https:\/\/skldstudio.com\/kar-duran-and-miguel-lopez\/","og_locale":"es_ES","og_type":"article","og_title":"Kar Dur\u00e1n and Miguel L\u00f3pez | Outdoor furniture - SKLD Studio","og_description":"Explore the creative vision of Kar Dur\u00e1n and Miguel L\u00f3pez in SKLD Studio's Serra collection where traditional braiding meets a bold.","og_url":"https:\/\/skldstudio.com\/kar-duran-and-miguel-lopez\/","article_publisher":"https:\/\/www.facebook.com\/profile.php?id=61557532841386","article_modified_time":"2026-01-30T12:34:49+00:00","og_image":[{"url":"https:\/\/skldstudio.com\/wp-content\/uploads\/2025\/04\/Coleccion_Serra.jpg"}],"twitter_card":"summary_large_image","twitter_misc":{"Tiempo de lectura":"2 minutos"},"schema":{"@context":"https:\/\/schema.org","@graph":[{"@type":"WebPage","@id":"https:\/\/skldstudio.com\/kar-duran-and-miguel-lopez\/","url":"https:\/\/skldstudio.com\/kar-duran-and-miguel-lopez\/","name":"Kar Dur\u00e1n and Miguel L\u00f3pez | Outdoor furniture - SKLD Studio","isPartOf":{"@id":"https:\/\/skldstudio.com\/#website"},"primaryImageOfPage":{"@id":"https:\/\/skldstudio.com\/kar-duran-and-miguel-lopez\/#primaryimage"},"image":{"@id":"https:\/\/skldstudio.com\/kar-duran-and-miguel-lopez\/#primaryimage"},"thumbnailUrl":"https:\/\/skldstudio.com\/wp-content\/uploads\/2025\/04\/Coleccion_Serra.jpg","datePublished":"2025-04-07T11:02:03+00:00","dateModified":"2026-01-30T12:34:49+00:00","description":"Explore the creative vision of Kar Dur\u00e1n and Miguel L\u00f3pez in SKLD Studio's Serra collection where traditional braiding meets a bold.","breadcrumb":{"@id":"https:\/\/skldstudio.com\/kar-duran-and-miguel-lopez\/#breadcrumb"},"inLanguage":"es","potentialAction":[{"@type":"ReadAction","target":["https:\/\/skldstudio.com\/kar-duran-and-miguel-lopez\/"]}]},{"@type":"ImageObject","inLanguage":"es","@id":"https:\/\/skldstudio.com\/kar-duran-and-miguel-lopez\/#primaryimage","url":"https:\/\/skldstudio.com\/wp-content\/uploads\/2025\/04\/Coleccion_Serra.jpg","contentUrl":"https:\/\/skldstudio.com\/wp-content\/uploads\/2025\/04\/Coleccion_Serra.jpg"},{"@type":"BreadcrumbList","@id":"https:\/\/skldstudio.com\/kar-duran-and-miguel-lopez\/#breadcrumb","itemListElement":[{"@type":"ListItem","position":1,"name":"Home","item":"https:\/\/skldstudio.com\/es\/home-skld\/"},{"@type":"ListItem","position":2,"name":"Kar Dur\u00e1n and Miguel L\u00f3pez"}]},{"@type":"WebSite","@id":"https:\/\/skldstudio.com\/#website","url":"https:\/\/skldstudio.com\/","name":"SKLD Studio","description":"Collections by renowned design professionals.","publisher":{"@id":"https:\/\/skldstudio.com\/#organization"},"potentialAction":[{"@type":"SearchAction","target":{"@type":"EntryPoint","urlTemplate":"https:\/\/skldstudio.com\/?s={search_term_string}"},"query-input":"required name=search_term_string"}],"inLanguage":"es"},{"@type":"Organization","@id":"https:\/\/skldstudio.com\/#organization","name":"SKLD Studio","url":"https:\/\/skldstudio.com\/","logo":{"@type":"ImageObject","inLanguage":"es","@id":"https:\/\/skldstudio.com\/#\/schema\/logo\/image\/","url":"https:\/\/skldstudio.com\/wp-content\/uploads\/2024\/04\/logoWEB.png","contentUrl":"https:\/\/skldstudio.com\/wp-content\/uploads\/2024\/04\/logoWEB.png","width":8415,"height":2995,"caption":"SKLD Studio"},"image":{"@id":"https:\/\/skldstudio.com\/#\/schema\/logo\/image\/"},"sameAs":["https:\/\/www.facebook.com\/profile.php?id=61557532841386","https:\/\/www.instagram.com\/skldstudio_official\/"]}]}},"_links":{"self":[{"href":"https:\/\/skldstudio.com\/es\/wp-json\/wp\/v2\/pages\/15008","targetHints":{"allow":["GET"]}}],"collection":[{"href":"https:\/\/skldstudio.com\/es\/wp-json\/wp\/v2\/pages"}],"about":[{"href":"https:\/\/skldstudio.com\/es\/wp-json\/wp\/v2\/types\/page"}],"author":[{"embeddable":true,"href":"https:\/\/skldstudio.com\/es\/wp-json\/wp\/v2\/users\/2"}],"replies":[{"embeddable":true,"href":"https:\/\/skldstudio.com\/es\/wp-json\/wp\/v2\/comments?post=15008"}],"version-history":[{"count":9,"href":"https:\/\/skldstudio.com\/es\/wp-json\/wp\/v2\/pages\/15008\/revisions"}],"predecessor-version":[{"id":17107,"href":"https:\/\/skldstudio.com\/es\/wp-json\/wp\/v2\/pages\/15008\/revisions\/17107"}],"wp:attachment":[{"href":"https:\/\/skldstudio.com\/es\/wp-json\/wp\/v2\/media?parent=15008"}],"curies":[{"name":"wp","href":"https:\/\/api.w.org\/{rel}","templated":true}]}}