{"id":15117,"date":"2025-05-27T16:10:56","date_gmt":"2025-05-27T14:10:56","guid":{"rendered":"https:\/\/skldstudio.com\/catalogue\/"},"modified":"2025-07-04T11:00:30","modified_gmt":"2025-07-04T09:00:30","slug":"catalogo","status":"publish","type":"page","link":"https:\/\/skldstudio.com\/es\/catalogo\/","title":{"rendered":"Cat\u00e1logo"},"content":{"rendered":"\t\t<div data-elementor-type=\"wp-page\" data-elementor-id=\"15117\" class=\"elementor elementor-15117 elementor-15099\">\n\t\t\t\t\t\t<section class=\"elementor-section elementor-top-section elementor-element elementor-element-fbf071b elementor-section-full_width n-arch-container--wide elementor-section-height-default elementor-section-height-default\" data-id=\"fbf071b\" data-element_type=\"section\">\n\t\t\t\t\t\t<div class=\"elementor-container elementor-column-gap-no\">\n\t\t\t\t\t<div class=\"elementor-column elementor-col-100 elementor-top-column elementor-element elementor-element-0e33b92\" data-id=\"0e33b92\" data-element_type=\"column\">\n\t\t\t<div class=\"elementor-widget-wrap elementor-element-populated\">\n\t\t\t\t\t\t<div class=\"elementor-element elementor-element-4ad1679 animated-slow elementor-invisible elementor-widget elementor-widget-heading\" data-id=\"4ad1679\" data-element_type=\"widget\" data-settings=\"{&quot;_animation&quot;:&quot;h-neuron-animation--tiltUp&quot;,&quot;_animation_delay&quot;:300}\" data-widget_type=\"heading.default\">\n\t\t\t\t<div class=\"elementor-widget-container\">\n\t\t\t<h1 class=\"elementor-heading-title elementor-size-default\">Descargas.<\/h1>\t\t<\/div>\n\t\t\t\t<\/div>\n\t\t\t\t\t<\/div>\n\t\t<\/div>\n\t\t\t\t\t<\/div>\n\t\t<\/section>\n\t\t\t\t<section class=\"elementor-section elementor-top-section elementor-element elementor-element-973f5cc elementor-section-full_width n-arch-container--wide elementor-section-height-default elementor-section-height-default\" data-id=\"973f5cc\" data-element_type=\"section\">\n\t\t\t\t\t\t<div class=\"elementor-container elementor-column-gap-no\">\n\t\t\t\t\t<div class=\"elementor-column elementor-col-33 elementor-top-column elementor-element elementor-element-0092148\" data-id=\"0092148\" data-element_type=\"column\">\n\t\t\t<div class=\"elementor-widget-wrap elementor-element-populated\">\n\t\t\t\t\t\t<div class=\"elementor-element elementor-element-5c148ec elementor-invisible elementor-widget elementor-widget-heading\" data-id=\"5c148ec\" data-element_type=\"widget\" data-settings=\"{&quot;_animation&quot;:&quot;h-neuron-animation--slideUp&quot;}\" data-widget_type=\"heading.default\">\n\t\t\t\t<div class=\"elementor-widget-container\">\n\t\t\t<span class=\"elementor-heading-title elementor-size-default\">ACCEDE A INFORMACI\u00d3N DETALLADA\n <br>SOBRE SKLD STUDIO.<\/span>\t\t<\/div>\n\t\t\t\t<\/div>\n\t\t\t\t\t<\/div>\n\t\t<\/div>\n\t\t\t\t<div class=\"elementor-column elementor-col-33 elementor-top-column elementor-element elementor-element-2a6b3f7\" data-id=\"2a6b3f7\" data-element_type=\"column\">\n\t\t\t<div class=\"elementor-widget-wrap\">\n\t\t\t\t\t\t\t<\/div>\n\t\t<\/div>\n\t\t\t\t<div class=\"elementor-column elementor-col-33 elementor-top-column elementor-element elementor-element-be7fd47\" data-id=\"be7fd47\" data-element_type=\"column\">\n\t\t\t<div class=\"elementor-widget-wrap elementor-element-populated\">\n\t\t\t\t\t\t<div class=\"elementor-element elementor-element-9a26568 elementor-invisible elementor-widget elementor-widget-heading\" data-id=\"9a26568\" data-element_type=\"widget\" data-settings=\"{&quot;_animation&quot;:&quot;h-neuron-animation--slideUp&quot;}\" data-widget_type=\"heading.default\">\n\t\t\t\t<div class=\"elementor-widget-container\">\n\t\t\t<span class=\"elementor-heading-title elementor-size-default\"><a href=\"https:\/\/skldstudio.com\/es\/\">SKLD Studio<br> \u00a9 2026<\/a><\/span>\t\t<\/div>\n\t\t\t\t<\/div>\n\t\t\t\t\t<\/div>\n\t\t<\/div>\n\t\t\t\t\t<\/div>\n\t\t<\/section>\n\t\t<div class=\"elementor-element elementor-element-14c9c72 e-con-full e-flex e-con e-parent\" data-id=\"14c9c72\" data-element_type=\"container\">\n\t\t<div class=\"elementor-element elementor-element-45ed870 e-con-full e-flex e-con e-child\" data-id=\"45ed870\" data-element_type=\"container\">\n\t\t\t\t<div class=\"elementor-element elementor-element-b792b20 elementor-widget elementor-widget-heading\" data-id=\"b792b20\" data-element_type=\"widget\" data-settings=\"{&quot;_animation&quot;:&quot;none&quot;}\" data-widget_type=\"heading.default\">\n\t\t\t\t<div class=\"elementor-widget-container\">\n\t\t\t<span class=\"elementor-heading-title elementor-size-default\"><a href=\"https:\/\/skldstudio.com\/es\/catalogo\/\">CAT\u00c1LOGO<\/a><\/span>\t\t<\/div>\n\t\t\t\t<\/div>\n\t\t\t\t<div class=\"elementor-element elementor-element-88c1fd5 elementor-widget-divider--view-line elementor-widget elementor-widget-divider\" data-id=\"88c1fd5\" data-element_type=\"widget\" data-widget_type=\"divider.default\">\n\t\t\t\t<div class=\"elementor-widget-container\">\n\t\t\t\t\t<div class=\"elementor-divider\">\n\t\t\t<span class=\"elementor-divider-separator\">\n\t\t\t\t\t\t<\/span>\n\t\t<\/div>\n\t\t\t\t<\/div>\n\t\t\t\t<\/div>\n\t\t\t\t<div class=\"elementor-element elementor-element-d0b271b elementor-widget elementor-widget-heading\" data-id=\"d0b271b\" data-element_type=\"widget\" data-settings=\"{&quot;_animation&quot;:&quot;none&quot;}\" data-widget_type=\"heading.default\">\n\t\t\t\t<div class=\"elementor-widget-container\">\n\t\t\t<span class=\"elementor-heading-title elementor-size-default\"><a href=\"https:\/\/skldstudio.com\/es\/descargas_vol-i\/\">VOLUMEN I<\/a><\/span>\t\t<\/div>\n\t\t\t\t<\/div>\n\t\t\t\t<div class=\"elementor-element elementor-element-f26b439 elementor-widget-divider--view-line elementor-widget elementor-widget-divider\" data-id=\"f26b439\" data-element_type=\"widget\" data-widget_type=\"divider.default\">\n\t\t\t\t<div class=\"elementor-widget-container\">\n\t\t\t\t\t<div class=\"elementor-divider\">\n\t\t\t<span class=\"elementor-divider-separator\">\n\t\t\t\t\t\t<\/span>\n\t\t<\/div>\n\t\t\t\t<\/div>\n\t\t\t\t<\/div>\n\t\t\t\t<div class=\"elementor-element elementor-element-b4b35b2 elementor-widget elementor-widget-heading\" data-id=\"b4b35b2\" data-element_type=\"widget\" data-settings=\"{&quot;_animation&quot;:&quot;none&quot;}\" data-widget_type=\"heading.default\">\n\t\t\t\t<div class=\"elementor-widget-container\">\n\t\t\t<span class=\"elementor-heading-title elementor-size-default\"><a href=\"https:\/\/skldstudio.com\/es\/descargas_vol-ii\/\">VOLUMEN II<\/a><\/span>\t\t<\/div>\n\t\t\t\t<\/div>\n\t\t\t\t<div class=\"elementor-element elementor-element-65a701c elementor-widget-divider--view-line elementor-widget elementor-widget-divider\" data-id=\"65a701c\" data-element_type=\"widget\" data-widget_type=\"divider.default\">\n\t\t\t\t<div class=\"elementor-widget-container\">\n\t\t\t\t\t<div class=\"elementor-divider\">\n\t\t\t<span class=\"elementor-divider-separator\">\n\t\t\t\t\t\t<\/span>\n\t\t<\/div>\n\t\t\t\t<\/div>\n\t\t\t\t<\/div>\n\t\t\t\t<div class=\"elementor-element elementor-element-2acb7cf elementor-widget elementor-widget-heading\" data-id=\"2acb7cf\" data-element_type=\"widget\" data-settings=\"{&quot;_animation&quot;:&quot;none&quot;}\" data-widget_type=\"heading.default\">\n\t\t\t\t<div class=\"elementor-widget-container\">\n\t\t\t<span class=\"elementor-heading-title elementor-size-default\"><a href=\"https:\/\/skldstudio.com\/es\/materiales-cuidado\/\">MATERIALES & CUIDADO<\/a><\/span>\t\t<\/div>\n\t\t\t\t<\/div>\n\t\t\t\t<\/div>\n\t\t<div class=\"elementor-element elementor-element-e305616 e-con-full e-flex e-con e-child\" data-id=\"e305616\" data-element_type=\"container\">\n\t\t<div class=\"elementor-element elementor-element-7984948 e-grid e-con-full e-con e-child\" data-id=\"7984948\" data-element_type=\"container\">\n\t\t\t\t<div class=\"elementor-element elementor-element-b861f3f elementor-widget elementor-widget-image\" data-id=\"b861f3f\" data-element_type=\"widget\" data-widget_type=\"image.default\">\n\t\t\t\t<div class=\"elementor-widget-container\">\n\t\t\t\t\t\t\t\t\t\t<figure class=\"wp-caption\">\n\t\t\t\t\t\t\t\t\t\t\t<a href=\"https:\/\/skldstudio.com\/private_area\/CAT_SKLDstudio.pdf\" target=\"_blank\">\n\t\t\t\t\t\t\t<img fetchpriority=\"high\" decoding=\"async\" width=\"262\" height=\"315\" src=\"https:\/\/skldstudio.com\/wp-content\/uploads\/2024\/10\/078.jpg\" class=\"attachment-full size-full wp-image-12005\" alt=\"\" srcset=\"https:\/\/skldstudio.com\/wp-content\/uploads\/2024\/10\/078.jpg 262w, https:\/\/skldstudio.com\/wp-content\/uploads\/2024\/10\/078-250x300.jpg 250w\" sizes=\"(max-width: 262px) 100vw, 262px\" \/>\t\t\t\t\t\t\t\t<\/a>\n\t\t\t\t\t\t\t\t\t\t\t<figcaption class=\"widget-image-caption wp-caption-text\">VOLUMEN I. <\/figcaption>\n\t\t\t\t\t\t\t\t\t\t<\/figure>\n\t\t\t\t\t\t\t<\/div>\n\t\t\t\t<\/div>\n\t\t\t\t<div class=\"elementor-element elementor-element-2040869 elementor-widget elementor-widget-image\" data-id=\"2040869\" data-element_type=\"widget\" data-widget_type=\"image.default\">\n\t\t\t\t<div class=\"elementor-widget-container\">\n\t\t\t\t\t\t\t\t\t\t<figure class=\"wp-caption\">\n\t\t\t\t\t\t\t\t\t\t\t<a href=\"https:\/\/skldstudio.com\/private_area\/SKLD_VOL.II.pdf\" target=\"_blank\">\n\t\t\t\t\t\t\t<img decoding=\"async\" width=\"262\" height=\"315\" src=\"https:\/\/skldstudio.com\/wp-content\/uploads\/2025\/04\/Sin-titulo-1-2.jpg\" class=\"attachment-full size-full wp-image-14327\" alt=\"\" srcset=\"https:\/\/skldstudio.com\/wp-content\/uploads\/2025\/04\/Sin-titulo-1-2.jpg 262w, https:\/\/skldstudio.com\/wp-content\/uploads\/2025\/04\/Sin-titulo-1-2-250x300.jpg 250w\" sizes=\"(max-width: 262px) 100vw, 262px\" \/>\t\t\t\t\t\t\t\t<\/a>\n\t\t\t\t\t\t\t\t\t\t\t<figcaption class=\"widget-image-caption wp-caption-text\">VOLUMEN II. <\/figcaption>\n\t\t\t\t\t\t\t\t\t\t<\/figure>\n\t\t\t\t\t\t\t<\/div>\n\t\t\t\t<\/div>\n\t\t\t\t<\/div>\n\t\t\t\t<\/div>\n\t\t\t\t<\/div>\n\t\t\t\t<\/div>\n\t\t","protected":false},"excerpt":{"rendered":"<p>Descargas. ACCEDE A INFORMACI\u00d3N DETALLADA SOBRE SKLD STUDIO. CAT\u00c1LOGO VOLUMEN I VOLUMEN II MATERIALES &#038; CUIDADO VOLUMEN I. VOLUMEN II.<\/p>\n","protected":false},"author":2,"featured_media":0,"parent":0,"menu_order":0,"comment_status":"closed","ping_status":"closed","template":"","meta":{"footnotes":""},"class_list":["post-15117","page","type-page","status-publish","hentry"],"yoast_head":"<!-- This site is optimized with the Yoast SEO plugin v22.5 - https:\/\/yoast.com\/wordpress\/plugins\/seo\/ -->\n<title>Cat\u00e1logo -<\/title>\n<meta name=\"robots\" content=\"index, follow, max-snippet:-1, max-image-preview:large, max-video-preview:-1\" \/>\n<link rel=\"canonical\" href=\"https:\/\/skldstudio.com\/es\/catalogo\/\" \/>\n<meta property=\"og:locale\" content=\"es_ES\" \/>\n<meta property=\"og:type\" content=\"article\" \/>\n<meta property=\"og:title\" content=\"Cat\u00e1logo -\" \/>\n<meta property=\"og:description\" content=\"Descargas. ACCEDE A INFORMACI\u00d3N DETALLADA SOBRE SKLD STUDIO. CAT\u00c1LOGO VOLUMEN I VOLUMEN II MATERIALES &#038; CUIDADO VOLUMEN I. VOLUMEN II.\" \/>\n<meta property=\"og:url\" content=\"https:\/\/skldstudio.com\/es\/catalogo\/\" \/>\n<meta property=\"article:publisher\" content=\"https:\/\/www.facebook.com\/profile.php?id=61557532841386\" \/>\n<meta property=\"article:modified_time\" content=\"2025-07-04T09:00:30+00:00\" \/>\n<meta property=\"og:image\" content=\"https:\/\/skldstudio.com\/wp-content\/uploads\/2024\/10\/078.jpg\" \/>\n<meta name=\"twitter:card\" content=\"summary_large_image\" \/>\n<meta name=\"twitter:label1\" content=\"Tiempo de lectura\" \/>\n\t<meta name=\"twitter:data1\" content=\"1 minuto\" \/>\n<script type=\"application\/ld+json\" class=\"yoast-schema-graph\">{\"@context\":\"https:\/\/schema.org\",\"@graph\":[{\"@type\":\"WebPage\",\"@id\":\"https:\/\/skldstudio.com\/es\/catalogo\/\",\"url\":\"https:\/\/skldstudio.com\/es\/catalogo\/\",\"name\":\"Cat\u00e1logo -\",\"isPartOf\":{\"@id\":\"https:\/\/skldstudio.com\/#website\"},\"primaryImageOfPage\":{\"@id\":\"https:\/\/skldstudio.com\/es\/catalogo\/#primaryimage\"},\"image\":{\"@id\":\"https:\/\/skldstudio.com\/es\/catalogo\/#primaryimage\"},\"thumbnailUrl\":\"https:\/\/skldstudio.com\/wp-content\/uploads\/2024\/10\/078.jpg\",\"datePublished\":\"2025-05-27T14:10:56+00:00\",\"dateModified\":\"2025-07-04T09:00:30+00:00\",\"breadcrumb\":{\"@id\":\"https:\/\/skldstudio.com\/es\/catalogo\/#breadcrumb\"},\"inLanguage\":\"es\",\"potentialAction\":[{\"@type\":\"ReadAction\",\"target\":[\"https:\/\/skldstudio.com\/es\/catalogo\/\"]}]},{\"@type\":\"ImageObject\",\"inLanguage\":\"es\",\"@id\":\"https:\/\/skldstudio.com\/es\/catalogo\/#primaryimage\",\"url\":\"https:\/\/skldstudio.com\/wp-content\/uploads\/2024\/10\/078.jpg\",\"contentUrl\":\"https:\/\/skldstudio.com\/wp-content\/uploads\/2024\/10\/078.jpg\"},{\"@type\":\"BreadcrumbList\",\"@id\":\"https:\/\/skldstudio.com\/es\/catalogo\/#breadcrumb\",\"itemListElement\":[{\"@type\":\"ListItem\",\"position\":1,\"name\":\"Home\",\"item\":\"https:\/\/skldstudio.com\/es\/home-skld\/\"},{\"@type\":\"ListItem\",\"position\":2,\"name\":\"Cat\u00e1logo\"}]},{\"@type\":\"WebSite\",\"@id\":\"https:\/\/skldstudio.com\/#website\",\"url\":\"https:\/\/skldstudio.com\/\",\"name\":\"SKLD Studio\",\"description\":\"Collections by renowned design professionals.\",\"publisher\":{\"@id\":\"https:\/\/skldstudio.com\/#organization\"},\"potentialAction\":[{\"@type\":\"SearchAction\",\"target\":{\"@type\":\"EntryPoint\",\"urlTemplate\":\"https:\/\/skldstudio.com\/?s={search_term_string}\"},\"query-input\":\"required name=search_term_string\"}],\"inLanguage\":\"es\"},{\"@type\":\"Organization\",\"@id\":\"https:\/\/skldstudio.com\/#organization\",\"name\":\"SKLD Studio\",\"url\":\"https:\/\/skldstudio.com\/\",\"logo\":{\"@type\":\"ImageObject\",\"inLanguage\":\"es\",\"@id\":\"https:\/\/skldstudio.com\/#\/schema\/logo\/image\/\",\"url\":\"https:\/\/skldstudio.com\/wp-content\/uploads\/2024\/04\/logoWEB.png\",\"contentUrl\":\"https:\/\/skldstudio.com\/wp-content\/uploads\/2024\/04\/logoWEB.png\",\"width\":8415,\"height\":2995,\"caption\":\"SKLD Studio\"},\"image\":{\"@id\":\"https:\/\/skldstudio.com\/#\/schema\/logo\/image\/\"},\"sameAs\":[\"https:\/\/www.facebook.com\/profile.php?id=61557532841386\",\"https:\/\/www.instagram.com\/skldstudio_official\/\"]}]}<\/script>\n<!-- \/ Yoast SEO plugin. -->","yoast_head_json":{"title":"Cat\u00e1logo -","robots":{"index":"index","follow":"follow","max-snippet":"max-snippet:-1","max-image-preview":"max-image-preview:large","max-video-preview":"max-video-preview:-1"},"canonical":"https:\/\/skldstudio.com\/es\/catalogo\/","og_locale":"es_ES","og_type":"article","og_title":"Cat\u00e1logo -","og_description":"Descargas. ACCEDE A INFORMACI\u00d3N DETALLADA SOBRE SKLD STUDIO. CAT\u00c1LOGO VOLUMEN I VOLUMEN II MATERIALES &#038; CUIDADO VOLUMEN I. VOLUMEN II.","og_url":"https:\/\/skldstudio.com\/es\/catalogo\/","article_publisher":"https:\/\/www.facebook.com\/profile.php?id=61557532841386","article_modified_time":"2025-07-04T09:00:30+00:00","og_image":[{"url":"https:\/\/skldstudio.com\/wp-content\/uploads\/2024\/10\/078.jpg"}],"twitter_card":"summary_large_image","twitter_misc":{"Tiempo de lectura":"1 minuto"},"schema":{"@context":"https:\/\/schema.org","@graph":[{"@type":"WebPage","@id":"https:\/\/skldstudio.com\/es\/catalogo\/","url":"https:\/\/skldstudio.com\/es\/catalogo\/","name":"Cat\u00e1logo -","isPartOf":{"@id":"https:\/\/skldstudio.com\/#website"},"primaryImageOfPage":{"@id":"https:\/\/skldstudio.com\/es\/catalogo\/#primaryimage"},"image":{"@id":"https:\/\/skldstudio.com\/es\/catalogo\/#primaryimage"},"thumbnailUrl":"https:\/\/skldstudio.com\/wp-content\/uploads\/2024\/10\/078.jpg","datePublished":"2025-05-27T14:10:56+00:00","dateModified":"2025-07-04T09:00:30+00:00","breadcrumb":{"@id":"https:\/\/skldstudio.com\/es\/catalogo\/#breadcrumb"},"inLanguage":"es","potentialAction":[{"@type":"ReadAction","target":["https:\/\/skldstudio.com\/es\/catalogo\/"]}]},{"@type":"ImageObject","inLanguage":"es","@id":"https:\/\/skldstudio.com\/es\/catalogo\/#primaryimage","url":"https:\/\/skldstudio.com\/wp-content\/uploads\/2024\/10\/078.jpg","contentUrl":"https:\/\/skldstudio.com\/wp-content\/uploads\/2024\/10\/078.jpg"},{"@type":"BreadcrumbList","@id":"https:\/\/skldstudio.com\/es\/catalogo\/#breadcrumb","itemListElement":[{"@type":"ListItem","position":1,"name":"Home","item":"https:\/\/skldstudio.com\/es\/home-skld\/"},{"@type":"ListItem","position":2,"name":"Cat\u00e1logo"}]},{"@type":"WebSite","@id":"https:\/\/skldstudio.com\/#website","url":"https:\/\/skldstudio.com\/","name":"SKLD Studio","description":"Collections by renowned design professionals.","publisher":{"@id":"https:\/\/skldstudio.com\/#organization"},"potentialAction":[{"@type":"SearchAction","target":{"@type":"EntryPoint","urlTemplate":"https:\/\/skldstudio.com\/?s={search_term_string}"},"query-input":"required name=search_term_string"}],"inLanguage":"es"},{"@type":"Organization","@id":"https:\/\/skldstudio.com\/#organization","name":"SKLD Studio","url":"https:\/\/skldstudio.com\/","logo":{"@type":"ImageObject","inLanguage":"es","@id":"https:\/\/skldstudio.com\/#\/schema\/logo\/image\/","url":"https:\/\/skldstudio.com\/wp-content\/uploads\/2024\/04\/logoWEB.png","contentUrl":"https:\/\/skldstudio.com\/wp-content\/uploads\/2024\/04\/logoWEB.png","width":8415,"height":2995,"caption":"SKLD Studio"},"image":{"@id":"https:\/\/skldstudio.com\/#\/schema\/logo\/image\/"},"sameAs":["https:\/\/www.facebook.com\/profile.php?id=61557532841386","https:\/\/www.instagram.com\/skldstudio_official\/"]}]}},"_links":{"self":[{"href":"https:\/\/skldstudio.com\/es\/wp-json\/wp\/v2\/pages\/15117","targetHints":{"allow":["GET"]}}],"collection":[{"href":"https:\/\/skldstudio.com\/es\/wp-json\/wp\/v2\/pages"}],"about":[{"href":"https:\/\/skldstudio.com\/es\/wp-json\/wp\/v2\/types\/page"}],"author":[{"embeddable":true,"href":"https:\/\/skldstudio.com\/es\/wp-json\/wp\/v2\/users\/2"}],"replies":[{"embeddable":true,"href":"https:\/\/skldstudio.com\/es\/wp-json\/wp\/v2\/comments?post=15117"}],"version-history":[{"count":14,"href":"https:\/\/skldstudio.com\/es\/wp-json\/wp\/v2\/pages\/15117\/revisions"}],"predecessor-version":[{"id":16569,"href":"https:\/\/skldstudio.com\/es\/wp-json\/wp\/v2\/pages\/15117\/revisions\/16569"}],"wp:attachment":[{"href":"https:\/\/skldstudio.com\/es\/wp-json\/wp\/v2\/media?parent=15117"}],"curies":[{"name":"wp","href":"https:\/\/api.w.org\/{rel}","templated":true}]}}