{"id":15431,"date":"2024-10-22T15:13:18","date_gmt":"2024-10-22T13:13:18","guid":{"rendered":"https:\/\/skldstudio.com\/b2b-platform\/"},"modified":"2025-07-21T14:08:04","modified_gmt":"2025-07-21T12:08:04","slug":"plataforma-b2b","status":"publish","type":"page","link":"https:\/\/skldstudio.com\/es\/plataforma-b2b\/","title":{"rendered":"Plataforma B2B"},"content":{"rendered":"\t\t<div data-elementor-type=\"wp-page\" data-elementor-id=\"15431\" class=\"elementor elementor-15431 elementor-11840\">\n\t\t\t\t\t\t<section class=\"elementor-section elementor-top-section elementor-element elementor-element-fbf071b elementor-section-full_width n-arch-container--wide elementor-section-height-default elementor-section-height-default\" data-id=\"fbf071b\" data-element_type=\"section\">\n\t\t\t\t\t\t<div class=\"elementor-container elementor-column-gap-no\">\n\t\t\t\t\t<div class=\"elementor-column elementor-col-100 elementor-top-column elementor-element elementor-element-0e33b92\" data-id=\"0e33b92\" data-element_type=\"column\">\n\t\t\t<div class=\"elementor-widget-wrap elementor-element-populated\">\n\t\t\t\t\t\t<div class=\"elementor-element elementor-element-4ad1679 animated-slow elementor-invisible elementor-widget elementor-widget-heading\" data-id=\"4ad1679\" data-element_type=\"widget\" data-settings=\"{&quot;_animation&quot;:&quot;h-neuron-animation--tiltUp&quot;,&quot;_animation_delay&quot;:300}\" data-widget_type=\"heading.default\">\n\t\t\t\t<div class=\"elementor-widget-container\">\n\t\t\t<h1 class=\"elementor-heading-title elementor-size-default\">plataforma B2B .<br><\/h1>\t\t<\/div>\n\t\t\t\t<\/div>\n\t\t\t\t\t<\/div>\n\t\t<\/div>\n\t\t\t\t\t<\/div>\n\t\t<\/section>\n\t\t\t\t<section class=\"elementor-section elementor-top-section elementor-element elementor-element-973f5cc elementor-section-full_width n-arch-container--wide elementor-section-height-default elementor-section-height-default\" data-id=\"973f5cc\" data-element_type=\"section\">\n\t\t\t\t\t\t<div class=\"elementor-container elementor-column-gap-no\">\n\t\t\t\t\t<div class=\"elementor-column elementor-col-33 elementor-top-column elementor-element elementor-element-0092148\" data-id=\"0092148\" data-element_type=\"column\">\n\t\t\t<div class=\"elementor-widget-wrap elementor-element-populated\">\n\t\t\t\t\t\t<div class=\"elementor-element elementor-element-340bf9e elementor-invisible elementor-widget elementor-widget-heading\" data-id=\"340bf9e\" data-element_type=\"widget\" data-settings=\"{&quot;_animation&quot;:&quot;h-neuron-animation--slideUp&quot;}\" data-widget_type=\"heading.default\">\n\t\t\t\t<div class=\"elementor-widget-container\">\n\t\t\t<span class=\"elementor-heading-title elementor-size-default\">ACCEDE A INFORMACI\u00d3N DETALLADA <br>ACERCA DE VOOLCAN GRUPO.<\/span>\t\t<\/div>\n\t\t\t\t<\/div>\n\t\t\t\t\t<\/div>\n\t\t<\/div>\n\t\t\t\t<div class=\"elementor-column elementor-col-33 elementor-top-column elementor-element elementor-element-2a6b3f7\" data-id=\"2a6b3f7\" data-element_type=\"column\">\n\t\t\t<div class=\"elementor-widget-wrap\">\n\t\t\t\t\t\t\t<\/div>\n\t\t<\/div>\n\t\t\t\t<div class=\"elementor-column elementor-col-33 elementor-top-column elementor-element elementor-element-be7fd47\" data-id=\"be7fd47\" data-element_type=\"column\">\n\t\t\t<div class=\"elementor-widget-wrap elementor-element-populated\">\n\t\t\t\t\t\t<div class=\"elementor-element elementor-element-9a26568 elementor-invisible elementor-widget elementor-widget-heading\" data-id=\"9a26568\" data-element_type=\"widget\" data-settings=\"{&quot;_animation&quot;:&quot;h-neuron-animation--slideUp&quot;}\" data-widget_type=\"heading.default\">\n\t\t\t\t<div class=\"elementor-widget-container\">\n\t\t\t<span class=\"elementor-heading-title elementor-size-default\"><a href=\"https:\/\/skldstudio.com\/es\/\">SKLD Studio<br> \u00a9 2026<\/a><\/span>\t\t<\/div>\n\t\t\t\t<\/div>\n\t\t\t\t\t<\/div>\n\t\t<\/div>\n\t\t\t\t\t<\/div>\n\t\t<\/section>\n\t\t<div class=\"elementor-element elementor-element-431f702 e-con-full e-flex e-con e-parent\" data-id=\"431f702\" data-element_type=\"container\">\n\t\t<div class=\"elementor-element elementor-element-4824c5c e-con-full e-flex e-con e-child\" data-id=\"4824c5c\" data-element_type=\"container\">\n\t\t\t\t<div class=\"elementor-element elementor-element-6a8ab75 elementor-widget elementor-widget-text-editor\" data-id=\"6a8ab75\" data-element_type=\"widget\" data-widget_type=\"text-editor.default\">\n\t\t\t\t<div class=\"elementor-widget-container\">\n\t\t\t\t\t\t\t<p>Descubra una forma innovadora de gestionar y acceder a los productos de Voolcan Grupo con nuestra plataforma B2B. Dise\u00f1ada para ofrecerte una navegaci\u00f3n \u00e1gil y pr\u00e1ctica, te permite navegar por cat\u00e1logos actualizados al instante, seleccionar materiales con precisi\u00f3n y descargar informaci\u00f3n t\u00e9cnica detallada sobre nuestras colecciones. Adem\u00e1s, dispone de un potente motor de b\u00fasqueda con filtros avanzados que le facilitar\u00e1 encontrar justo lo que necesita. Todo lo que necesita, a un solo clic.<\/p>\t\t\t\t\t\t<\/div>\n\t\t\t\t<\/div>\n\t\t<div class=\"elementor-element elementor-element-b5f2c3c e-grid e-con-full e-con e-child\" data-id=\"b5f2c3c\" data-element_type=\"container\">\n\t\t\t\t<div class=\"elementor-element elementor-element-94bfa94 elementor-widget elementor-widget-button\" data-id=\"94bfa94\" data-element_type=\"widget\" data-widget_type=\"button.default\">\n\t\t\t\t<div class=\"elementor-widget-container\">\n\t\t\t\t\t<div class=\"elementor-button-wrapper\">\n\t\t\t<a class=\"elementor-button elementor-button-link elementor-size-sm\" href=\"https:\/\/b2b.voolcangrupo.com:4431\/Web#\/login\/acceso\" target=\"_blank\">\n\t\t\t\t\t\t<span class=\"elementor-button-content-wrapper\">\n\t\t\t\t\t\t<span class=\"elementor-button-icon\">\n\t\t\t\t<i aria-hidden=\"true\" class=\"n-icon n-icon-arrow\"><\/i>\t\t\t<\/span>\n\t\t\t\t\t\t\t\t\t<span class=\"elementor-button-text\">descubre<\/span>\n\t\t\t\t\t<\/span>\n\t\t\t\t\t<\/a>\n\t\t<\/div>\n\t\t\t\t<\/div>\n\t\t\t\t<\/div>\n\t\t\t\t<div class=\"elementor-element elementor-element-21853ad elementor-widget elementor-widget-text-editor\" data-id=\"21853ad\" data-element_type=\"widget\" data-widget_type=\"text-editor.default\">\n\t\t\t\t<div class=\"elementor-widget-container\">\n\t\t\t\t\t\t\t<a class=\"elementor-button elementor-button-link elementor-size-sm\" href=\"mailto:info@voolcangrupo.com?subject=Solicitud%20de%20acceso%20B2B%20Voolcan%20Grupo&amp;body=Hola%2C%0D%0A%0D%0AEstoy%20interesado%20en%20recibir%20acceso%20a%20la%20plataforma%20B2B%20de%20Voolcan%20Grupo.%20Adjunto%20a%20continuaci%C3%B3n%20la%20informaci%C3%B3n%20necesaria%20para%20el%20registro%3A%0D%0ANombre%20y%20apellidos%3A%20%0D%0AEmpresa%3A%20%0D%0AN%C3%BAmero%20de%20IVA%3A%20%0D%0ACorreo%20electr%C3%B3nico%3A%20%0D%0ATel%C3%A9fono%3A%20%0D%0ADirecci%C3%B3n%3A%20%0D%0ACiudad%3A%20%0D%0APa%C3%ADs%3A%20%0D%0A%0D%0AQuedo%20a%20la%20espera%20de%20su%20respuesta.%0D%0AMuchas%20gracias%20por%20su%20atenci%C3%B3n.%0D%0AAtentamente%2C%0D%0A%5BTu%20nombre%5D\"><span class=\"elementor-button-icon\">\n<i class=\"n-icon n-icon-arrow\" aria-hidden=\"true\"><\/i> <\/span>\nsOLICITA ACCESO\n<\/a>\t\t\t\t\t\t<\/div>\n\t\t\t\t<\/div>\n\t\t\t\t<\/div>\n\t\t\t\t<\/div>\n\t\t<div class=\"elementor-element elementor-element-94b30f3 e-con-full e-flex e-con e-child\" data-id=\"94b30f3\" data-element_type=\"container\">\n\t\t\t\t<div class=\"elementor-element elementor-element-3487bdd elementor-widget elementor-widget-image\" data-id=\"3487bdd\" data-element_type=\"widget\" data-widget_type=\"image.default\">\n\t\t\t\t<div class=\"elementor-widget-container\">\n\t\t\t\t\t\t\t\t\t\t\t\t\t<img fetchpriority=\"high\" decoding=\"async\" width=\"1024\" height=\"731\" src=\"https:\/\/skldstudio.com\/wp-content\/uploads\/2024\/10\/00-1024x731-1.jpg\" class=\"attachment-full size-full wp-image-11845\" alt=\"\" srcset=\"https:\/\/skldstudio.com\/wp-content\/uploads\/2024\/10\/00-1024x731-1.jpg 1024w, https:\/\/skldstudio.com\/wp-content\/uploads\/2024\/10\/00-1024x731-1-300x214.jpg 300w, https:\/\/skldstudio.com\/wp-content\/uploads\/2024\/10\/00-1024x731-1-768x548.jpg 768w\" sizes=\"(max-width: 1024px) 100vw, 1024px\" \/>\t\t\t\t\t\t\t\t\t\t\t\t\t<\/div>\n\t\t\t\t<\/div>\n\t\t\t\t<\/div>\n\t\t\t\t<\/div>\n\t\t\t\t<\/div>\n\t\t","protected":false},"excerpt":{"rendered":"<p>plataforma B2B . ACCEDE A INFORMACI\u00d3N DETALLADA ACERCA DE VOOLCAN GRUPO. Descubra una forma innovadora de gestionar y acceder a los productos de Voolcan Grupo con nuestra plataforma B2B. Dise\u00f1ada para ofrecerte una navegaci\u00f3n \u00e1gil y pr\u00e1ctica, te permite navegar por cat\u00e1logos actualizados al instante, seleccionar materiales con precisi\u00f3n y descargar informaci\u00f3n t\u00e9cnica detallada sobre&#8230;<\/p>\n","protected":false},"author":2,"featured_media":0,"parent":0,"menu_order":0,"comment_status":"closed","ping_status":"closed","template":"elementor_header_footer","meta":{"footnotes":""},"class_list":["post-15431","page","type-page","status-publish","hentry"],"yoast_head":"<!-- This site is optimized with the Yoast SEO plugin v22.5 - https:\/\/yoast.com\/wordpress\/plugins\/seo\/ -->\n<title>Plataforma B2B -<\/title>\n<meta name=\"robots\" content=\"index, follow, max-snippet:-1, max-image-preview:large, max-video-preview:-1\" \/>\n<link rel=\"canonical\" href=\"https:\/\/skldstudio.com\/es\/plataforma-b2b\/\" \/>\n<meta property=\"og:locale\" content=\"es_ES\" \/>\n<meta property=\"og:type\" content=\"article\" \/>\n<meta property=\"og:title\" content=\"Plataforma B2B -\" \/>\n<meta property=\"og:description\" content=\"plataforma B2B . ACCEDE A INFORMACI\u00d3N DETALLADA ACERCA DE VOOLCAN GRUPO. Descubra una forma innovadora de gestionar y acceder a los productos de Voolcan Grupo con nuestra plataforma B2B. Dise\u00f1ada para ofrecerte una navegaci\u00f3n \u00e1gil y pr\u00e1ctica, te permite navegar por cat\u00e1logos actualizados al instante, seleccionar materiales con precisi\u00f3n y descargar informaci\u00f3n t\u00e9cnica detallada sobre...\" \/>\n<meta property=\"og:url\" content=\"https:\/\/skldstudio.com\/es\/plataforma-b2b\/\" \/>\n<meta property=\"article:publisher\" content=\"https:\/\/www.facebook.com\/profile.php?id=61557532841386\" \/>\n<meta property=\"article:modified_time\" content=\"2025-07-21T12:08:04+00:00\" \/>\n<meta property=\"og:image\" content=\"https:\/\/skldstudio.com\/wp-content\/uploads\/2024\/10\/00-1024x731-1.jpg\" \/>\n<meta name=\"twitter:card\" content=\"summary_large_image\" \/>\n<meta name=\"twitter:label1\" content=\"Tiempo de lectura\" \/>\n\t<meta name=\"twitter:data1\" content=\"1 minuto\" \/>\n<script type=\"application\/ld+json\" class=\"yoast-schema-graph\">{\"@context\":\"https:\/\/schema.org\",\"@graph\":[{\"@type\":\"WebPage\",\"@id\":\"https:\/\/skldstudio.com\/es\/plataforma-b2b\/\",\"url\":\"https:\/\/skldstudio.com\/es\/plataforma-b2b\/\",\"name\":\"Plataforma B2B -\",\"isPartOf\":{\"@id\":\"https:\/\/skldstudio.com\/#website\"},\"primaryImageOfPage\":{\"@id\":\"https:\/\/skldstudio.com\/es\/plataforma-b2b\/#primaryimage\"},\"image\":{\"@id\":\"https:\/\/skldstudio.com\/es\/plataforma-b2b\/#primaryimage\"},\"thumbnailUrl\":\"https:\/\/skldstudio.com\/wp-content\/uploads\/2024\/10\/00-1024x731-1.jpg\",\"datePublished\":\"2024-10-22T13:13:18+00:00\",\"dateModified\":\"2025-07-21T12:08:04+00:00\",\"breadcrumb\":{\"@id\":\"https:\/\/skldstudio.com\/es\/plataforma-b2b\/#breadcrumb\"},\"inLanguage\":\"es\",\"potentialAction\":[{\"@type\":\"ReadAction\",\"target\":[\"https:\/\/skldstudio.com\/es\/plataforma-b2b\/\"]}]},{\"@type\":\"ImageObject\",\"inLanguage\":\"es\",\"@id\":\"https:\/\/skldstudio.com\/es\/plataforma-b2b\/#primaryimage\",\"url\":\"https:\/\/skldstudio.com\/wp-content\/uploads\/2024\/10\/00-1024x731-1.jpg\",\"contentUrl\":\"https:\/\/skldstudio.com\/wp-content\/uploads\/2024\/10\/00-1024x731-1.jpg\"},{\"@type\":\"BreadcrumbList\",\"@id\":\"https:\/\/skldstudio.com\/es\/plataforma-b2b\/#breadcrumb\",\"itemListElement\":[{\"@type\":\"ListItem\",\"position\":1,\"name\":\"Home\",\"item\":\"https:\/\/skldstudio.com\/es\/home-skld\/\"},{\"@type\":\"ListItem\",\"position\":2,\"name\":\"Plataforma B2B\"}]},{\"@type\":\"WebSite\",\"@id\":\"https:\/\/skldstudio.com\/#website\",\"url\":\"https:\/\/skldstudio.com\/\",\"name\":\"SKLD Studio\",\"description\":\"Collections by renowned design professionals.\",\"publisher\":{\"@id\":\"https:\/\/skldstudio.com\/#organization\"},\"potentialAction\":[{\"@type\":\"SearchAction\",\"target\":{\"@type\":\"EntryPoint\",\"urlTemplate\":\"https:\/\/skldstudio.com\/?s={search_term_string}\"},\"query-input\":\"required name=search_term_string\"}],\"inLanguage\":\"es\"},{\"@type\":\"Organization\",\"@id\":\"https:\/\/skldstudio.com\/#organization\",\"name\":\"SKLD Studio\",\"url\":\"https:\/\/skldstudio.com\/\",\"logo\":{\"@type\":\"ImageObject\",\"inLanguage\":\"es\",\"@id\":\"https:\/\/skldstudio.com\/#\/schema\/logo\/image\/\",\"url\":\"https:\/\/skldstudio.com\/wp-content\/uploads\/2024\/04\/logoWEB.png\",\"contentUrl\":\"https:\/\/skldstudio.com\/wp-content\/uploads\/2024\/04\/logoWEB.png\",\"width\":8415,\"height\":2995,\"caption\":\"SKLD Studio\"},\"image\":{\"@id\":\"https:\/\/skldstudio.com\/#\/schema\/logo\/image\/\"},\"sameAs\":[\"https:\/\/www.facebook.com\/profile.php?id=61557532841386\",\"https:\/\/www.instagram.com\/skldstudio_official\/\"]}]}<\/script>\n<!-- \/ Yoast SEO plugin. -->","yoast_head_json":{"title":"Plataforma B2B -","robots":{"index":"index","follow":"follow","max-snippet":"max-snippet:-1","max-image-preview":"max-image-preview:large","max-video-preview":"max-video-preview:-1"},"canonical":"https:\/\/skldstudio.com\/es\/plataforma-b2b\/","og_locale":"es_ES","og_type":"article","og_title":"Plataforma B2B -","og_description":"plataforma B2B . ACCEDE A INFORMACI\u00d3N DETALLADA ACERCA DE VOOLCAN GRUPO. Descubra una forma innovadora de gestionar y acceder a los productos de Voolcan Grupo con nuestra plataforma B2B. Dise\u00f1ada para ofrecerte una navegaci\u00f3n \u00e1gil y pr\u00e1ctica, te permite navegar por cat\u00e1logos actualizados al instante, seleccionar materiales con precisi\u00f3n y descargar informaci\u00f3n t\u00e9cnica detallada sobre...","og_url":"https:\/\/skldstudio.com\/es\/plataforma-b2b\/","article_publisher":"https:\/\/www.facebook.com\/profile.php?id=61557532841386","article_modified_time":"2025-07-21T12:08:04+00:00","og_image":[{"url":"https:\/\/skldstudio.com\/wp-content\/uploads\/2024\/10\/00-1024x731-1.jpg"}],"twitter_card":"summary_large_image","twitter_misc":{"Tiempo de lectura":"1 minuto"},"schema":{"@context":"https:\/\/schema.org","@graph":[{"@type":"WebPage","@id":"https:\/\/skldstudio.com\/es\/plataforma-b2b\/","url":"https:\/\/skldstudio.com\/es\/plataforma-b2b\/","name":"Plataforma B2B -","isPartOf":{"@id":"https:\/\/skldstudio.com\/#website"},"primaryImageOfPage":{"@id":"https:\/\/skldstudio.com\/es\/plataforma-b2b\/#primaryimage"},"image":{"@id":"https:\/\/skldstudio.com\/es\/plataforma-b2b\/#primaryimage"},"thumbnailUrl":"https:\/\/skldstudio.com\/wp-content\/uploads\/2024\/10\/00-1024x731-1.jpg","datePublished":"2024-10-22T13:13:18+00:00","dateModified":"2025-07-21T12:08:04+00:00","breadcrumb":{"@id":"https:\/\/skldstudio.com\/es\/plataforma-b2b\/#breadcrumb"},"inLanguage":"es","potentialAction":[{"@type":"ReadAction","target":["https:\/\/skldstudio.com\/es\/plataforma-b2b\/"]}]},{"@type":"ImageObject","inLanguage":"es","@id":"https:\/\/skldstudio.com\/es\/plataforma-b2b\/#primaryimage","url":"https:\/\/skldstudio.com\/wp-content\/uploads\/2024\/10\/00-1024x731-1.jpg","contentUrl":"https:\/\/skldstudio.com\/wp-content\/uploads\/2024\/10\/00-1024x731-1.jpg"},{"@type":"BreadcrumbList","@id":"https:\/\/skldstudio.com\/es\/plataforma-b2b\/#breadcrumb","itemListElement":[{"@type":"ListItem","position":1,"name":"Home","item":"https:\/\/skldstudio.com\/es\/home-skld\/"},{"@type":"ListItem","position":2,"name":"Plataforma B2B"}]},{"@type":"WebSite","@id":"https:\/\/skldstudio.com\/#website","url":"https:\/\/skldstudio.com\/","name":"SKLD Studio","description":"Collections by renowned design professionals.","publisher":{"@id":"https:\/\/skldstudio.com\/#organization"},"potentialAction":[{"@type":"SearchAction","target":{"@type":"EntryPoint","urlTemplate":"https:\/\/skldstudio.com\/?s={search_term_string}"},"query-input":"required name=search_term_string"}],"inLanguage":"es"},{"@type":"Organization","@id":"https:\/\/skldstudio.com\/#organization","name":"SKLD Studio","url":"https:\/\/skldstudio.com\/","logo":{"@type":"ImageObject","inLanguage":"es","@id":"https:\/\/skldstudio.com\/#\/schema\/logo\/image\/","url":"https:\/\/skldstudio.com\/wp-content\/uploads\/2024\/04\/logoWEB.png","contentUrl":"https:\/\/skldstudio.com\/wp-content\/uploads\/2024\/04\/logoWEB.png","width":8415,"height":2995,"caption":"SKLD Studio"},"image":{"@id":"https:\/\/skldstudio.com\/#\/schema\/logo\/image\/"},"sameAs":["https:\/\/www.facebook.com\/profile.php?id=61557532841386","https:\/\/www.instagram.com\/skldstudio_official\/"]}]}},"_links":{"self":[{"href":"https:\/\/skldstudio.com\/es\/wp-json\/wp\/v2\/pages\/15431","targetHints":{"allow":["GET"]}}],"collection":[{"href":"https:\/\/skldstudio.com\/es\/wp-json\/wp\/v2\/pages"}],"about":[{"href":"https:\/\/skldstudio.com\/es\/wp-json\/wp\/v2\/types\/page"}],"author":[{"embeddable":true,"href":"https:\/\/skldstudio.com\/es\/wp-json\/wp\/v2\/users\/2"}],"replies":[{"embeddable":true,"href":"https:\/\/skldstudio.com\/es\/wp-json\/wp\/v2\/comments?post=15431"}],"version-history":[{"count":13,"href":"https:\/\/skldstudio.com\/es\/wp-json\/wp\/v2\/pages\/15431\/revisions"}],"predecessor-version":[{"id":16792,"href":"https:\/\/skldstudio.com\/es\/wp-json\/wp\/v2\/pages\/15431\/revisions\/16792"}],"wp:attachment":[{"href":"https:\/\/skldstudio.com\/es\/wp-json\/wp\/v2\/media?parent=15431"}],"curies":[{"name":"wp","href":"https:\/\/api.w.org\/{rel}","templated":true}]}}