{"id":7435,"date":"2024-04-02T10:24:30","date_gmt":"2024-04-02T08:24:30","guid":{"rendered":"http:\/\/skldstudio.com\/?page_id=7435"},"modified":"2025-05-27T15:19:20","modified_gmt":"2025-05-27T13:19:20","slug":"la-mamba","status":"publish","type":"page","link":"https:\/\/skldstudio.com\/es\/la-mamba\/","title":{"rendered":"La Mamba"},"content":{"rendered":"\t\t<div data-elementor-type=\"wp-page\" data-elementor-id=\"7435\" class=\"elementor elementor-7435\">\n\t\t\t\t\t\t<section class=\"elementor-section elementor-top-section elementor-element elementor-element-2dd6129 elementor-section-full_width n-arch-container--wide elementor-section-height-default elementor-section-height-default\" data-id=\"2dd6129\" data-element_type=\"section\">\n\t\t\t\t\t\t<div class=\"elementor-container elementor-column-gap-no\">\n\t\t\t\t\t<div class=\"elementor-column elementor-col-100 elementor-top-column elementor-element elementor-element-b31bfdf\" data-id=\"b31bfdf\" data-element_type=\"column\">\n\t\t\t<div class=\"elementor-widget-wrap elementor-element-populated\">\n\t\t\t\t\t\t<div class=\"elementor-element elementor-element-d80dd1a elementor-widget-divider--view-line elementor-widget elementor-widget-divider\" data-id=\"d80dd1a\" data-element_type=\"widget\" data-widget_type=\"divider.default\">\n\t\t\t\t<div class=\"elementor-widget-container\">\n\t\t\t\t\t<div class=\"elementor-divider\">\n\t\t\t<span class=\"elementor-divider-separator\">\n\t\t\t\t\t\t<\/span>\n\t\t<\/div>\n\t\t\t\t<\/div>\n\t\t\t\t<\/div>\n\t\t\t\t<div class=\"elementor-element elementor-element-195c5ef animated-slow elementor-invisible elementor-widget elementor-widget-neuron-scrolling-text\" data-id=\"195c5ef\" data-element_type=\"widget\" data-settings=\"{&quot;_animation&quot;:&quot;h-neuron-animation--tiltUp&quot;,&quot;_animation_delay&quot;:300}\" data-widget_type=\"neuron-scrolling-text.default\">\n\t\t\t\t<div class=\"elementor-widget-container\">\n\t\t\t            <div class=\"a-scrolling-text\">\r\n                <div class=\"a-scrolling-text__inner\">\r\n                    <h2 class=\"elementor-heading-title elementor-size-default\">En Mamba Studio, respiramos dise\u00f1o.<\/h2><h2 class=\"elementor-heading-title elementor-size-default\">En Mamba Studio, respiramos dise\u00f1o.<\/h2><h2 class=\"elementor-heading-title elementor-size-default\">En Mamba Studio, respiramos dise\u00f1o.<\/h2><h2 class=\"elementor-heading-title elementor-size-default\">En Mamba Studio, respiramos dise\u00f1o.<\/h2><h2 class=\"elementor-heading-title elementor-size-default\">En Mamba Studio, respiramos dise\u00f1o.<\/h2><h2 class=\"elementor-heading-title elementor-size-default\">En Mamba Studio, respiramos dise\u00f1o.<\/h2><h2 class=\"elementor-heading-title elementor-size-default\">En Mamba Studio, respiramos dise\u00f1o.<\/h2><h2 class=\"elementor-heading-title elementor-size-default\">En Mamba Studio, respiramos dise\u00f1o.<\/h2><h2 class=\"elementor-heading-title elementor-size-default\">En Mamba Studio, respiramos dise\u00f1o.<\/h2><h2 class=\"elementor-heading-title elementor-size-default\">En Mamba Studio, respiramos dise\u00f1o.<\/h2>                <\/div>\r\n            <\/div>\r\n        \t\t<\/div>\n\t\t\t\t<\/div>\n\t\t\t\t<section class=\"elementor-section elementor-inner-section elementor-element elementor-element-0a0b0eb elementor-section-full_width elementor-section-content-middle elementor-section-height-default elementor-section-height-default\" data-id=\"0a0b0eb\" data-element_type=\"section\">\n\t\t\t\t\t\t<div class=\"elementor-container elementor-column-gap-no\">\n\t\t\t\t\t<div class=\"elementor-column elementor-col-50 elementor-inner-column elementor-element elementor-element-6237577\" data-id=\"6237577\" data-element_type=\"column\">\n\t\t\t<div class=\"elementor-widget-wrap elementor-element-populated\">\n\t\t\t\t\t\t<div class=\"elementor-element elementor-element-6bfe0ef elementor-invisible elementor-widget elementor-widget-image\" data-id=\"6bfe0ef\" data-element_type=\"widget\" data-settings=\"{&quot;_animation&quot;:&quot;h-neuron-animation--slideUp&quot;}\" data-widget_type=\"image.default\">\n\t\t\t\t<div class=\"elementor-widget-container\">\n\t\t\t\t\t\t\t\t\t\t\t\t\t<img fetchpriority=\"high\" decoding=\"async\" width=\"833\" height=\"831\" src=\"https:\/\/skldstudio.com\/wp-content\/uploads\/2025\/05\/Foto_Disenador.jpg\" class=\"attachment-full size-full wp-image-15019\" alt=\"\" srcset=\"https:\/\/skldstudio.com\/wp-content\/uploads\/2025\/05\/Foto_Disenador.jpg 833w, https:\/\/skldstudio.com\/wp-content\/uploads\/2025\/05\/Foto_Disenador-300x300.jpg 300w, https:\/\/skldstudio.com\/wp-content\/uploads\/2025\/05\/Foto_Disenador-150x150.jpg 150w, https:\/\/skldstudio.com\/wp-content\/uploads\/2025\/05\/Foto_Disenador-768x766.jpg 768w\" sizes=\"(max-width: 833px) 100vw, 833px\" \/>\t\t\t\t\t\t\t\t\t\t\t\t\t<\/div>\n\t\t\t\t<\/div>\n\t\t\t\t\t<\/div>\n\t\t<\/div>\n\t\t\t\t<div class=\"elementor-column elementor-col-50 elementor-inner-column elementor-element elementor-element-6a896a1\" data-id=\"6a896a1\" data-element_type=\"column\">\n\t\t\t<div class=\"elementor-widget-wrap elementor-element-populated\">\n\t\t\t\t\t\t<div class=\"elementor-element elementor-element-66673f3 elementor-invisible elementor-widget elementor-widget-heading\" data-id=\"66673f3\" data-element_type=\"widget\" data-settings=\"{&quot;_animation&quot;:&quot;h-neuron-animation--slideUp&quot;}\" data-widget_type=\"heading.default\">\n\t\t\t\t<div class=\"elementor-widget-container\">\n\t\t\t<h4 class=\"elementor-heading-title elementor-size-default\">La Mamba Studio<\/h4>\t\t<\/div>\n\t\t\t\t<\/div>\n\t\t\t\t<div class=\"elementor-element elementor-element-3cc7166 elementor-invisible elementor-widget elementor-widget-text-editor\" data-id=\"3cc7166\" data-element_type=\"widget\" data-settings=\"{&quot;_animation&quot;:&quot;h-neuron-animation--fadeIn&quot;}\" data-widget_type=\"text-editor.default\">\n\t\t\t\t<div class=\"elementor-widget-container\">\n\t\t\t\t\t\t\t<p data-start=\"0\" data-end=\"300\">En el Volumen II de SKLD Studio, La Mamba Studio vuelve a destacar con su participaci\u00f3n, tras su exitoso debut en el Volumen I con la colecci\u00f3n Tempo. En esta ocasi\u00f3n, presentan la colecci\u00f3n Olma, una propuesta que se mantiene fiel a su filosof\u00eda de dise\u00f1o armonioso, pr\u00e1ctico y elegante.<\/p><p data-start=\"302\" data-end=\"736\" data-is-last-node=\"\" data-is-only-node=\"\">Reconocido por su enfoque centrado en las personas, La Mamba Studio busca siempre equilibrar funcionalidad y est\u00e9tica en cada una de sus piezas. La colecci\u00f3n Olma no es la excepci\u00f3n. Con una meticulosa atenci\u00f3n al detalle y a la calidad de los materiales, La Mamba contin\u00faa explorando nuevas formas de crear piezas que no solo sean funcionales, sino que tambi\u00e9n aporten un car\u00e1cter \u00fanico y atemporal a los espacios exteriores.<\/p>\t\t\t\t\t\t<\/div>\n\t\t\t\t<\/div>\n\t\t\t\t<div class=\"elementor-element elementor-element-b513066 elementor-widget-divider--view-line elementor-widget elementor-widget-divider\" data-id=\"b513066\" data-element_type=\"widget\" data-widget_type=\"divider.default\">\n\t\t\t\t<div class=\"elementor-widget-container\">\n\t\t\t\t\t<div class=\"elementor-divider\">\n\t\t\t<span class=\"elementor-divider-separator\">\n\t\t\t\t\t\t<\/span>\n\t\t<\/div>\n\t\t\t\t<\/div>\n\t\t\t\t<\/div>\n\t\t\t\t<div class=\"elementor-element elementor-element-acd8f62 e-grid-align-left elementor-shape-rounded elementor-grid-0 elementor-invisible elementor-widget elementor-widget-social-icons\" data-id=\"acd8f62\" data-element_type=\"widget\" data-settings=\"{&quot;_animation&quot;:&quot;h-neuron-animation--fadeIn&quot;}\" data-widget_type=\"social-icons.default\">\n\t\t\t\t<div class=\"elementor-widget-container\">\n\t\t\t\t\t<div class=\"elementor-social-icons-wrapper elementor-grid\">\n\t\t\t\t\t\t\t<span class=\"elementor-grid-item\">\n\t\t\t\t\t<a class=\"elementor-icon elementor-social-icon elementor-social-icon-n-icon-world elementor-animation-grow elementor-repeater-item-2b0a98b\" href=\"https:\/\/lamamba.es\/\" target=\"_blank\">\n\t\t\t\t\t\t<span class=\"elementor-screen-only\">N-icon-world<\/span>\n\t\t\t\t\t\t<i class=\"n-icon n-icon-world\"><\/i>\t\t\t\t\t<\/a>\n\t\t\t\t<\/span>\n\t\t\t\t\t\t\t<span class=\"elementor-grid-item\">\n\t\t\t\t\t<a class=\"elementor-icon elementor-social-icon elementor-social-icon-instagram elementor-animation-grow elementor-repeater-item-4de8daa\" href=\"https:\/\/www.instagram.com\/lamambastudio\/\" target=\"_blank\">\n\t\t\t\t\t\t<span class=\"elementor-screen-only\">Instagram<\/span>\n\t\t\t\t\t\t<svg class=\"e-font-icon-svg e-fab-instagram\" viewBox=\"0 0 448 512\" xmlns=\"http:\/\/www.w3.org\/2000\/svg\"><path d=\"M224.1 141c-63.6 0-114.9 51.3-114.9 114.9s51.3 114.9 114.9 114.9S339 319.5 339 255.9 287.7 141 224.1 141zm0 189.6c-41.1 0-74.7-33.5-74.7-74.7s33.5-74.7 74.7-74.7 74.7 33.5 74.7 74.7-33.6 74.7-74.7 74.7zm146.4-194.3c0 14.9-12 26.8-26.8 26.8-14.9 0-26.8-12-26.8-26.8s12-26.8 26.8-26.8 26.8 12 26.8 26.8zm76.1 27.2c-1.7-35.9-9.9-67.7-36.2-93.9-26.2-26.2-58-34.4-93.9-36.2-37-2.1-147.9-2.1-184.9 0-35.8 1.7-67.6 9.9-93.9 36.1s-34.4 58-36.2 93.9c-2.1 37-2.1 147.9 0 184.9 1.7 35.9 9.9 67.7 36.2 93.9s58 34.4 93.9 36.2c37 2.1 147.9 2.1 184.9 0 35.9-1.7 67.7-9.9 93.9-36.2 26.2-26.2 34.4-58 36.2-93.9 2.1-37 2.1-147.8 0-184.8zM398.8 388c-7.8 19.6-22.9 34.7-42.6 42.6-29.5 11.7-99.5 9-132.1 9s-102.7 2.6-132.1-9c-19.6-7.8-34.7-22.9-42.6-42.6-11.7-29.5-9-99.5-9-132.1s-2.6-102.7 9-132.1c7.8-19.6 22.9-34.7 42.6-42.6 29.5-11.7 99.5-9 132.1-9s102.7-2.6 132.1 9c19.6 7.8 34.7 22.9 42.6 42.6 11.7 29.5 9 99.5 9 132.1s2.7 102.7-9 132.1z\"><\/path><\/svg>\t\t\t\t\t<\/a>\n\t\t\t\t<\/span>\n\t\t\t\t\t<\/div>\n\t\t\t\t<\/div>\n\t\t\t\t<\/div>\n\t\t\t\t\t<\/div>\n\t\t<\/div>\n\t\t\t\t\t<\/div>\n\t\t<\/section>\n\t\t\t\t\t<\/div>\n\t\t<\/div>\n\t\t\t\t\t<\/div>\n\t\t<\/section>\n\t\t<div class=\"elementor-element elementor-element-0c0ae56 e-con-full e-flex e-con e-parent\" data-id=\"0c0ae56\" data-element_type=\"container\">\n\t\t\t\t<div class=\"elementor-element elementor-element-d7e1ecc elementor-widget elementor-widget-spacer\" data-id=\"d7e1ecc\" data-element_type=\"widget\" data-widget_type=\"spacer.default\">\n\t\t\t\t<div class=\"elementor-widget-container\">\n\t\t\t\t\t<div class=\"elementor-spacer\">\n\t\t\t<div class=\"elementor-spacer-inner\"><\/div>\n\t\t<\/div>\n\t\t\t\t<\/div>\n\t\t\t\t<\/div>\n\t\t\t\t<div class=\"elementor-element elementor-element-ad36ece elementor-invisible elementor-widget elementor-widget-heading\" data-id=\"ad36ece\" data-element_type=\"widget\" data-settings=\"{&quot;_animation&quot;:&quot;h-neuron-animation--slideUp&quot;}\" data-widget_type=\"heading.default\">\n\t\t\t\t<div class=\"elementor-widget-container\">\n\t\t\t<h4 class=\"elementor-heading-title elementor-size-default\">cOLECCIONES LA MAMBA STUDIO <\/h4>\t\t<\/div>\n\t\t\t\t<\/div>\n\t\t\t\t<\/div>\n\t\t<div class=\"elementor-element elementor-element-aeb1e44 e-con-full e-flex e-con e-parent\" data-id=\"aeb1e44\" data-element_type=\"container\">\n\t\t<div class=\"elementor-element elementor-element-eac89c8 e-con-full e-flex e-con e-child\" data-id=\"eac89c8\" data-element_type=\"container\">\n\t\t\t\t<div class=\"elementor-element elementor-element-06fa3c8 elementor-widget elementor-widget-image\" data-id=\"06fa3c8\" data-element_type=\"widget\" data-widget_type=\"image.default\">\n\t\t\t\t<div class=\"elementor-widget-container\">\n\t\t\t\t\t\t\t\t\t\t\t\t\t\t<a href=\"https:\/\/skldstudio.com\/tempo\/\">\n\t\t\t\t\t\t\t<img decoding=\"async\" width=\"1887\" height=\"1229\" src=\"https:\/\/skldstudio.com\/wp-content\/uploads\/2025\/05\/Img_Coleccion_01.jpg\" class=\"attachment-full size-full wp-image-15023\" alt=\"\" srcset=\"https:\/\/skldstudio.com\/wp-content\/uploads\/2025\/05\/Img_Coleccion_01.jpg 1887w, https:\/\/skldstudio.com\/wp-content\/uploads\/2025\/05\/Img_Coleccion_01-300x195.jpg 300w, https:\/\/skldstudio.com\/wp-content\/uploads\/2025\/05\/Img_Coleccion_01-1024x667.jpg 1024w, https:\/\/skldstudio.com\/wp-content\/uploads\/2025\/05\/Img_Coleccion_01-768x500.jpg 768w, https:\/\/skldstudio.com\/wp-content\/uploads\/2025\/05\/Img_Coleccion_01-1536x1000.jpg 1536w\" sizes=\"(max-width: 1887px) 100vw, 1887px\" \/>\t\t\t\t\t\t\t\t<\/a>\n\t\t\t\t\t\t\t\t\t\t\t\t\t<\/div>\n\t\t\t\t<\/div>\n\t\t\t\t<div class=\"elementor-element elementor-element-88fad0c elementor-invisible elementor-widget elementor-widget-heading\" data-id=\"88fad0c\" data-element_type=\"widget\" data-settings=\"{&quot;_animation&quot;:&quot;h-neuron-animation--slideUp&quot;}\" data-widget_type=\"heading.default\">\n\t\t\t\t<div class=\"elementor-widget-container\">\n\t\t\t<h4 class=\"elementor-heading-title elementor-size-default\"><a href=\"https:\/\/skldstudio.com\/tempo\/\">COLECCI\u00d3N TEMPO <\/a><\/h4>\t\t<\/div>\n\t\t\t\t<\/div>\n\t\t\t\t<\/div>\n\t\t<div class=\"elementor-element elementor-element-0a33de4 e-con-full e-flex e-con e-child\" data-id=\"0a33de4\" data-element_type=\"container\">\n\t\t\t\t<div class=\"elementor-element elementor-element-3b7b6b1 elementor-widget elementor-widget-image\" data-id=\"3b7b6b1\" data-element_type=\"widget\" data-widget_type=\"image.default\">\n\t\t\t\t<div class=\"elementor-widget-container\">\n\t\t\t\t\t\t\t\t\t\t\t\t\t\t<a href=\"https:\/\/skldstudio.com\/olma\/\">\n\t\t\t\t\t\t\t<img decoding=\"async\" width=\"1887\" height=\"1229\" src=\"https:\/\/skldstudio.com\/wp-content\/uploads\/2025\/05\/Img_Coleccion_02.jpg\" class=\"attachment-full size-full wp-image-15026\" alt=\"\" srcset=\"https:\/\/skldstudio.com\/wp-content\/uploads\/2025\/05\/Img_Coleccion_02.jpg 1887w, https:\/\/skldstudio.com\/wp-content\/uploads\/2025\/05\/Img_Coleccion_02-300x195.jpg 300w, https:\/\/skldstudio.com\/wp-content\/uploads\/2025\/05\/Img_Coleccion_02-1024x667.jpg 1024w, https:\/\/skldstudio.com\/wp-content\/uploads\/2025\/05\/Img_Coleccion_02-768x500.jpg 768w, https:\/\/skldstudio.com\/wp-content\/uploads\/2025\/05\/Img_Coleccion_02-1536x1000.jpg 1536w\" sizes=\"(max-width: 1887px) 100vw, 1887px\" \/>\t\t\t\t\t\t\t\t<\/a>\n\t\t\t\t\t\t\t\t\t\t\t\t\t<\/div>\n\t\t\t\t<\/div>\n\t\t\t\t<div class=\"elementor-element elementor-element-abc6273 elementor-invisible elementor-widget elementor-widget-heading\" data-id=\"abc6273\" data-element_type=\"widget\" data-settings=\"{&quot;_animation&quot;:&quot;h-neuron-animation--slideUp&quot;}\" data-widget_type=\"heading.default\">\n\t\t\t\t<div class=\"elementor-widget-container\">\n\t\t\t<h4 class=\"elementor-heading-title elementor-size-default\"><a href=\"https:\/\/skldstudio.com\/olma\/\">COLECCI\u00d3N OLMA <\/a><\/h4>\t\t<\/div>\n\t\t\t\t<\/div>\n\t\t\t\t<\/div>\n\t\t\t\t<\/div>\n\t\t\t\t<\/div>\n\t\t","protected":false},"excerpt":{"rendered":"<p>En Mamba Studio, respiramos dise\u00f1o. En Mamba Studio, respiramos dise\u00f1o. En Mamba Studio, respiramos dise\u00f1o. En Mamba Studio, respiramos dise\u00f1o. En Mamba Studio, respiramos dise\u00f1o. En Mamba Studio, respiramos dise\u00f1o. En Mamba Studio, respiramos dise\u00f1o. En Mamba Studio, respiramos dise\u00f1o. En Mamba Studio, respiramos dise\u00f1o. En Mamba Studio, respiramos dise\u00f1o. La Mamba Studio En el&#8230;<\/p>\n","protected":false},"author":2,"featured_media":0,"parent":0,"menu_order":0,"comment_status":"closed","ping_status":"closed","template":"","meta":{"footnotes":""},"class_list":["post-7435","page","type-page","status-publish","hentry"],"yoast_head":"<!-- This site is optimized with the Yoast SEO plugin v22.5 - https:\/\/yoast.com\/wordpress\/plugins\/seo\/ -->\n<title>La Mamba -<\/title>\n<meta name=\"robots\" content=\"index, follow, max-snippet:-1, max-image-preview:large, max-video-preview:-1\" \/>\n<link rel=\"canonical\" href=\"https:\/\/skldstudio.com\/la-mamba\/\" \/>\n<meta property=\"og:locale\" content=\"es_ES\" \/>\n<meta property=\"og:type\" content=\"article\" \/>\n<meta property=\"og:title\" content=\"La Mamba -\" \/>\n<meta property=\"og:description\" content=\"En Mamba Studio, respiramos dise\u00f1o. En Mamba Studio, respiramos dise\u00f1o. En Mamba Studio, respiramos dise\u00f1o. En Mamba Studio, respiramos dise\u00f1o. En Mamba Studio, respiramos dise\u00f1o. En Mamba Studio, respiramos dise\u00f1o. En Mamba Studio, respiramos dise\u00f1o. En Mamba Studio, respiramos dise\u00f1o. En Mamba Studio, respiramos dise\u00f1o. En Mamba Studio, respiramos dise\u00f1o. La Mamba Studio En el...\" \/>\n<meta property=\"og:url\" content=\"https:\/\/skldstudio.com\/la-mamba\/\" \/>\n<meta property=\"article:publisher\" content=\"https:\/\/www.facebook.com\/profile.php?id=61557532841386\" \/>\n<meta property=\"article:modified_time\" content=\"2025-05-27T13:19:20+00:00\" \/>\n<meta property=\"og:image\" content=\"https:\/\/skldstudio.com\/wp-content\/uploads\/2025\/05\/Foto_Disenador.jpg\" \/>\n<meta name=\"twitter:card\" content=\"summary_large_image\" \/>\n<meta name=\"twitter:label1\" content=\"Tiempo de lectura\" \/>\n\t<meta name=\"twitter:data1\" content=\"2 minutos\" \/>\n<script type=\"application\/ld+json\" class=\"yoast-schema-graph\">{\"@context\":\"https:\/\/schema.org\",\"@graph\":[{\"@type\":\"WebPage\",\"@id\":\"https:\/\/skldstudio.com\/la-mamba\/\",\"url\":\"https:\/\/skldstudio.com\/la-mamba\/\",\"name\":\"La Mamba -\",\"isPartOf\":{\"@id\":\"https:\/\/skldstudio.com\/#website\"},\"primaryImageOfPage\":{\"@id\":\"https:\/\/skldstudio.com\/la-mamba\/#primaryimage\"},\"image\":{\"@id\":\"https:\/\/skldstudio.com\/la-mamba\/#primaryimage\"},\"thumbnailUrl\":\"https:\/\/skldstudio.com\/wp-content\/uploads\/2025\/05\/Foto_Disenador.jpg\",\"datePublished\":\"2024-04-02T08:24:30+00:00\",\"dateModified\":\"2025-05-27T13:19:20+00:00\",\"breadcrumb\":{\"@id\":\"https:\/\/skldstudio.com\/la-mamba\/#breadcrumb\"},\"inLanguage\":\"es\",\"potentialAction\":[{\"@type\":\"ReadAction\",\"target\":[\"https:\/\/skldstudio.com\/la-mamba\/\"]}]},{\"@type\":\"ImageObject\",\"inLanguage\":\"es\",\"@id\":\"https:\/\/skldstudio.com\/la-mamba\/#primaryimage\",\"url\":\"https:\/\/skldstudio.com\/wp-content\/uploads\/2025\/05\/Foto_Disenador.jpg\",\"contentUrl\":\"https:\/\/skldstudio.com\/wp-content\/uploads\/2025\/05\/Foto_Disenador.jpg\"},{\"@type\":\"BreadcrumbList\",\"@id\":\"https:\/\/skldstudio.com\/la-mamba\/#breadcrumb\",\"itemListElement\":[{\"@type\":\"ListItem\",\"position\":1,\"name\":\"Home\",\"item\":\"https:\/\/skldstudio.com\/es\/home-skld\/\"},{\"@type\":\"ListItem\",\"position\":2,\"name\":\"La Mamba\"}]},{\"@type\":\"WebSite\",\"@id\":\"https:\/\/skldstudio.com\/#website\",\"url\":\"https:\/\/skldstudio.com\/\",\"name\":\"SKLD Studio\",\"description\":\"Collections by renowned design professionals.\",\"publisher\":{\"@id\":\"https:\/\/skldstudio.com\/#organization\"},\"potentialAction\":[{\"@type\":\"SearchAction\",\"target\":{\"@type\":\"EntryPoint\",\"urlTemplate\":\"https:\/\/skldstudio.com\/?s={search_term_string}\"},\"query-input\":\"required name=search_term_string\"}],\"inLanguage\":\"es\"},{\"@type\":\"Organization\",\"@id\":\"https:\/\/skldstudio.com\/#organization\",\"name\":\"SKLD Studio\",\"url\":\"https:\/\/skldstudio.com\/\",\"logo\":{\"@type\":\"ImageObject\",\"inLanguage\":\"es\",\"@id\":\"https:\/\/skldstudio.com\/#\/schema\/logo\/image\/\",\"url\":\"https:\/\/skldstudio.com\/wp-content\/uploads\/2024\/04\/logoWEB.png\",\"contentUrl\":\"https:\/\/skldstudio.com\/wp-content\/uploads\/2024\/04\/logoWEB.png\",\"width\":8415,\"height\":2995,\"caption\":\"SKLD Studio\"},\"image\":{\"@id\":\"https:\/\/skldstudio.com\/#\/schema\/logo\/image\/\"},\"sameAs\":[\"https:\/\/www.facebook.com\/profile.php?id=61557532841386\",\"https:\/\/www.instagram.com\/skldstudio_official\/\"]}]}<\/script>\n<!-- \/ Yoast SEO plugin. -->","yoast_head_json":{"title":"La Mamba -","robots":{"index":"index","follow":"follow","max-snippet":"max-snippet:-1","max-image-preview":"max-image-preview:large","max-video-preview":"max-video-preview:-1"},"canonical":"https:\/\/skldstudio.com\/la-mamba\/","og_locale":"es_ES","og_type":"article","og_title":"La Mamba -","og_description":"En Mamba Studio, respiramos dise\u00f1o. En Mamba Studio, respiramos dise\u00f1o. En Mamba Studio, respiramos dise\u00f1o. En Mamba Studio, respiramos dise\u00f1o. En Mamba Studio, respiramos dise\u00f1o. En Mamba Studio, respiramos dise\u00f1o. En Mamba Studio, respiramos dise\u00f1o. En Mamba Studio, respiramos dise\u00f1o. En Mamba Studio, respiramos dise\u00f1o. En Mamba Studio, respiramos dise\u00f1o. La Mamba Studio En el...","og_url":"https:\/\/skldstudio.com\/la-mamba\/","article_publisher":"https:\/\/www.facebook.com\/profile.php?id=61557532841386","article_modified_time":"2025-05-27T13:19:20+00:00","og_image":[{"url":"https:\/\/skldstudio.com\/wp-content\/uploads\/2025\/05\/Foto_Disenador.jpg"}],"twitter_card":"summary_large_image","twitter_misc":{"Tiempo de lectura":"2 minutos"},"schema":{"@context":"https:\/\/schema.org","@graph":[{"@type":"WebPage","@id":"https:\/\/skldstudio.com\/la-mamba\/","url":"https:\/\/skldstudio.com\/la-mamba\/","name":"La Mamba -","isPartOf":{"@id":"https:\/\/skldstudio.com\/#website"},"primaryImageOfPage":{"@id":"https:\/\/skldstudio.com\/la-mamba\/#primaryimage"},"image":{"@id":"https:\/\/skldstudio.com\/la-mamba\/#primaryimage"},"thumbnailUrl":"https:\/\/skldstudio.com\/wp-content\/uploads\/2025\/05\/Foto_Disenador.jpg","datePublished":"2024-04-02T08:24:30+00:00","dateModified":"2025-05-27T13:19:20+00:00","breadcrumb":{"@id":"https:\/\/skldstudio.com\/la-mamba\/#breadcrumb"},"inLanguage":"es","potentialAction":[{"@type":"ReadAction","target":["https:\/\/skldstudio.com\/la-mamba\/"]}]},{"@type":"ImageObject","inLanguage":"es","@id":"https:\/\/skldstudio.com\/la-mamba\/#primaryimage","url":"https:\/\/skldstudio.com\/wp-content\/uploads\/2025\/05\/Foto_Disenador.jpg","contentUrl":"https:\/\/skldstudio.com\/wp-content\/uploads\/2025\/05\/Foto_Disenador.jpg"},{"@type":"BreadcrumbList","@id":"https:\/\/skldstudio.com\/la-mamba\/#breadcrumb","itemListElement":[{"@type":"ListItem","position":1,"name":"Home","item":"https:\/\/skldstudio.com\/es\/home-skld\/"},{"@type":"ListItem","position":2,"name":"La Mamba"}]},{"@type":"WebSite","@id":"https:\/\/skldstudio.com\/#website","url":"https:\/\/skldstudio.com\/","name":"SKLD Studio","description":"Collections by renowned design professionals.","publisher":{"@id":"https:\/\/skldstudio.com\/#organization"},"potentialAction":[{"@type":"SearchAction","target":{"@type":"EntryPoint","urlTemplate":"https:\/\/skldstudio.com\/?s={search_term_string}"},"query-input":"required name=search_term_string"}],"inLanguage":"es"},{"@type":"Organization","@id":"https:\/\/skldstudio.com\/#organization","name":"SKLD Studio","url":"https:\/\/skldstudio.com\/","logo":{"@type":"ImageObject","inLanguage":"es","@id":"https:\/\/skldstudio.com\/#\/schema\/logo\/image\/","url":"https:\/\/skldstudio.com\/wp-content\/uploads\/2024\/04\/logoWEB.png","contentUrl":"https:\/\/skldstudio.com\/wp-content\/uploads\/2024\/04\/logoWEB.png","width":8415,"height":2995,"caption":"SKLD Studio"},"image":{"@id":"https:\/\/skldstudio.com\/#\/schema\/logo\/image\/"},"sameAs":["https:\/\/www.facebook.com\/profile.php?id=61557532841386","https:\/\/www.instagram.com\/skldstudio_official\/"]}]}},"_links":{"self":[{"href":"https:\/\/skldstudio.com\/es\/wp-json\/wp\/v2\/pages\/7435","targetHints":{"allow":["GET"]}}],"collection":[{"href":"https:\/\/skldstudio.com\/es\/wp-json\/wp\/v2\/pages"}],"about":[{"href":"https:\/\/skldstudio.com\/es\/wp-json\/wp\/v2\/types\/page"}],"author":[{"embeddable":true,"href":"https:\/\/skldstudio.com\/es\/wp-json\/wp\/v2\/users\/2"}],"replies":[{"embeddable":true,"href":"https:\/\/skldstudio.com\/es\/wp-json\/wp\/v2\/comments?post=7435"}],"version-history":[{"count":24,"href":"https:\/\/skldstudio.com\/es\/wp-json\/wp\/v2\/pages\/7435\/revisions"}],"predecessor-version":[{"id":15031,"href":"https:\/\/skldstudio.com\/es\/wp-json\/wp\/v2\/pages\/7435\/revisions\/15031"}],"wp:attachment":[{"href":"https:\/\/skldstudio.com\/es\/wp-json\/wp\/v2\/media?parent=7435"}],"curies":[{"name":"wp","href":"https:\/\/api.w.org\/{rel}","templated":true}]}}